{"id":2781,"date":"2022-11-02T11:05:36","date_gmt":"2022-11-02T10:05:36","guid":{"rendered":"https:\/\/web.abaigroup.cloud\/entrada-blog\/"},"modified":"2022-11-02T11:05:36","modified_gmt":"2022-11-02T10:05:36","slug":"entrada-blog","status":"publish","type":"page","link":"https:\/\/www.abaigroup.com\/en\/entrada-blog\/","title":{"rendered":"Entrada Blog"},"content":{"rendered":"[vc_row type=&#8221;full_width_background&#8221; full_screen_row_position=&#8221;middle&#8221; column_margin=&#8221;default&#8221; column_direction=&#8221;default&#8221; column_direction_tablet=&#8221;default&#8221; column_direction_phone=&#8221;default&#8221; bg_image=&#8221;472&#8243; bg_position=&#8221;center center&#8221; background_image_loading=&#8221;default&#8221; bg_repeat=&#8221;no-repeat&#8221; scene_position=&#8221;center&#8221; top_padding=&#8221;300px&#8221; constrain_group_1=&#8221;yes&#8221; bottom_padding=&#8221;300px&#8221; text_color=&#8221;light&#8221; text_align=&#8221;left&#8221; row_border_radius=&#8221;none&#8221; row_border_radius_applies=&#8221;bg&#8221; overflow=&#8221;visible&#8221; shape_divider_position=&#8221;bottom&#8221; bg_image_animation=&#8221;none&#8221; parallax_bg=&#8221;true&#8221; parallax_bg_speed=&#8221;fast&#8221; gradient_type=&#8221;advanced&#8221; shape_type=&#8221;&#8221; advanced_gradient_display_type=&#8221;linear&#8221;][vc_column column_padding=&#8221;no-extra-padding&#8221; column_padding_tablet=&#8221;inherit&#8221; column_padding_phone=&#8221;inherit&#8221; column_padding_position=&#8221;all&#8221; column_element_direction_desktop=&#8221;default&#8221; column_element_spacing=&#8221;default&#8221; centered_text=&#8221;true&#8221; desktop_text_alignment=&#8221;default&#8221; tablet_text_alignment=&#8221;default&#8221; phone_text_alignment=&#8221;default&#8221; background_color_opacity=&#8221;1&#8243; background_hover_color_opacity=&#8221;1&#8243; column_backdrop_filter=&#8221;none&#8221; column_shadow=&#8221;none&#8221; column_border_radius=&#8221;none&#8221; column_link_target=&#8221;_self&#8221; column_position=&#8221;default&#8221; gradient_direction=&#8221;left_to_right&#8221; overlay_strength=&#8221;0.3&#8243; width=&#8221;1\/1&#8243; tablet_width_inherit=&#8221;default&#8221; animation_type=&#8221;default&#8221; bg_image_animation=&#8221;none&#8221; border_type=&#8221;simple&#8221; column_border_width=&#8221;none&#8221; column_border_style=&#8221;solid&#8221;][\/vc_column][\/vc_row][vc_row type=&#8221;in_container&#8221; full_screen_row_position=&#8221;middle&#8221; column_margin=&#8221;default&#8221; column_direction=&#8221;default&#8221; column_direction_tablet=&#8221;default&#8221; column_direction_phone=&#8221;default&#8221; scene_position=&#8221;center&#8221; top_padding=&#8221;100px&#8221; constrain_group_1=&#8221;yes&#8221; bottom_padding=&#8221;100px&#8221; top_padding_phone=&#8221;50px&#8221; constrain_group_5=&#8221;yes&#8221; bottom_padding_phone=&#8221;50px&#8221; text_color=&#8221;dark&#8221; text_align=&#8221;left&#8221; row_border_radius=&#8221;none&#8221; row_border_radius_applies=&#8221;bg&#8221; overflow=&#8221;visible&#8221; overlay_strength=&#8221;0.3&#8243; gradient_direction=&#8221;left_to_right&#8221; shape_divider_position=&#8221;bottom&#8221; bg_image_animation=&#8221;none&#8221; gradient_type=&#8221;default&#8221; shape_type=&#8221;&#8221;][vc_column column_padding=&#8221;no-extra-padding&#8221; column_padding_tablet=&#8221;inherit&#8221; column_padding_phone=&#8221;inherit&#8221; column_padding_position=&#8221;all&#8221; column_element_direction_desktop=&#8221;default&#8221; column_element_spacing=&#8221;default&#8221; desktop_text_alignment=&#8221;default&#8221; tablet_text_alignment=&#8221;default&#8221; phone_text_alignment=&#8221;default&#8221; background_color_opacity=&#8221;1&#8243; background_hover_color_opacity=&#8221;1&#8243; column_backdrop_filter=&#8221;none&#8221; column_shadow=&#8221;none&#8221; column_border_radius=&#8221;none&#8221; column_link_target=&#8221;_self&#8221; column_position=&#8221;default&#8221; gradient_direction=&#8221;left_to_right&#8221; overlay_strength=&#8221;0.3&#8243; width=&#8221;1\/1&#8243; tablet_width_inherit=&#8221;default&#8221; animation_type=&#8221;default&#8221; enable_animation=&#8221;true&#8221; animation=&#8221;fade-in-from-bottom&#8221; animation_easing=&#8221;default&#8221; bg_image_animation=&#8221;none&#8221; border_type=&#8221;simple&#8221; column_border_width=&#8221;none&#8221; column_border_style=&#8221;solid&#8221; column_padding_type=&#8221;default&#8221; gradient_type=&#8221;default&#8221;][split_line_heading animation_type=&#8221;line-reveal-by-space&#8221; font_style=&#8221;h2&#8243; text_color=&#8221;#00457c&#8221; line_reveal_by_space_text_effect=&#8221;default&#8221; content_alignment=&#8221;default&#8221; mobile_content_alignment=&#8221;inherit&#8221; link_target=&#8221;_self&#8221; text_content=&#8221;C\u00f3mo la experiencia omnicanal puede ayudar a tu negocio&#8221; font_size=&#8221;60px&#8221; font_size_phone=&#8221;50px&#8221; font_line_height=&#8221;75px&#8221;][\/split_line_heading][nectar_responsive_text text_color=&#8221;#4a4a4a&#8221; font_size_phone=&#8221;18px&#8221;]La tecnolog\u00eda ha ido transformando poco a poco nuestra forma de vivir hasta formar parte de nuestra vida cotidiana. La hemos incorporado en nuestra forma de trabajar, de comprar e incluso en nuestro hogar a trav\u00e9s de asistentes de voz. Esto ha llevado a que las empresas apuesten cada vez m\u00e1s por las nuevas tecnolog\u00edas, utilizando\u00a0m\u00faltiples canales de interacci\u00f3n para ofrecer la mejor experiencia del cliente posible.<\/p>\n<p>Para suplir esta necesidad ha surgido la\u00a0omnicanalidad, cuyo objetivo es ofrecer al usuario una experiencia 360 a trav\u00e9s de todos los canales de interacci\u00f3n disponibles, permitiendo transmitir un mismo mensaje corporativo mientras el cliente navega y cambia de uno a otro.<\/p>\n<p>&nbsp;[\/nectar_responsive_text][nectar_responsive_text font_size_desktop=&#8221;32px&#8221; font_line_height=&#8221;40px&#8221;]\n<h3 style=\"color: #00457c; text-align: left;\">Omnicanalidad vs multicanalidad<\/h3>\n[\/nectar_responsive_text][nectar_responsive_text text_color=&#8221;#4a4a4a&#8221; font_size_phone=&#8221;18px&#8221;]Pese a que puedan parecer similares, no debemos confundir la omnicanalidad con la multicanalidad.<\/p>\n<p>La\u00a0estrategia multicanal\u00a0tiene como objetivo llegar al mayor n\u00famero de clientes a trav\u00e9s de los distintos canales de comunicaci\u00f3n disponibles, tanto f\u00edsicos como digitales, pero sin que haya una conexi\u00f3n entre ellos. Ofrece un mensaje adecuado para cada medio, pero la\u00a0informaci\u00f3n est\u00e1 descentralizada.<\/p>\n<p>En cambio la\u00a0omnicanalidad une todos los canales bajo un mensaje com\u00fan, interact\u00faa entre ellos usando una misma fuente de datos, lo que permite tener una visi\u00f3n global y ofrecer una experiencia de usuario m\u00e1s completa.<\/p>\n<p>&nbsp;[\/nectar_responsive_text][nectar_responsive_text font_size_desktop=&#8221;32px&#8221; font_line_height=&#8221;40px&#8221;]\n<h3 style=\"color: #00457c; text-align: left;\">\u00bfQu\u00e9 beneficios aporta a las empresas dise\u00f1ar una experiencia omnicanal?<\/h3>\n[\/nectar_responsive_text][nectar_responsive_text text_color=&#8221;#4a4a4a&#8221; font_size_phone=&#8221;18px&#8221;]El\u00a0mayor beneficio\u00a0que aporta una\u00a0experiencia omnicanal es la calidad. Nos permite proporcionar a nuestros clientes un servicio con una calidad notable, tanto por la personalizaci\u00f3n como por la predicci\u00f3n, pudiendo adelantarnos a comportamientos y necesidades que, con otros canales o incluso con la multicanalidad, no podr\u00edamos apreciar o detectar.<\/p>\n<p>Otro beneficio de la omnicanalidad es la\u00a0presencia continua en todos los canales, permitiendo que nuestros clientes pueden interactuar con nosotros en cualquier momento y a trav\u00e9s del canal que les sea m\u00e1s c\u00f3modo. Esto, entre otras cosas, se debe al uso tan extendido de los smartphones, que pone en su mano la llave para participar con las marcas, manteniendo una\u00a0fluidez en la comunicaci\u00f3n\u00a0gracias a la integraci\u00f3n de los datos de todos los canales que se encuentran a su disposici\u00f3n.<\/p>\n<p>Por \u00faltimo, al fusionar los datos que se manejan en una estrategia omnicanal, tambi\u00e9n conseguimos\u00a0aumentar el nivel de satisfacci\u00f3n del cliente.[\/nectar_responsive_text][\/vc_column][\/vc_row][vc_row type=&#8221;in_container&#8221; full_screen_row_position=&#8221;middle&#8221; column_margin=&#8221;default&#8221; column_direction=&#8221;default&#8221; column_direction_tablet=&#8221;default&#8221; column_direction_phone=&#8221;default&#8221; scene_position=&#8221;center&#8221; text_color=&#8221;dark&#8221; text_align=&#8221;left&#8221; row_border_radius=&#8221;none&#8221; row_border_radius_applies=&#8221;bg&#8221; overflow=&#8221;visible&#8221; overlay_strength=&#8221;0.3&#8243; gradient_direction=&#8221;left_to_right&#8221; shape_divider_position=&#8221;bottom&#8221; bg_image_animation=&#8221;none&#8221;][vc_column column_padding=&#8221;no-extra-padding&#8221; column_padding_tablet=&#8221;inherit&#8221; column_padding_phone=&#8221;inherit&#8221; column_padding_position=&#8221;all&#8221; column_element_direction_desktop=&#8221;default&#8221; column_element_spacing=&#8221;default&#8221; centered_text=&#8221;true&#8221; desktop_text_alignment=&#8221;default&#8221; tablet_text_alignment=&#8221;default&#8221; phone_text_alignment=&#8221;default&#8221; background_color_opacity=&#8221;1&#8243; background_hover_color_opacity=&#8221;1&#8243; column_backdrop_filter=&#8221;none&#8221; column_shadow=&#8221;none&#8221; column_border_radius=&#8221;none&#8221; column_link_target=&#8221;_self&#8221; column_position=&#8221;default&#8221; gradient_direction=&#8221;left_to_right&#8221; overlay_strength=&#8221;0.3&#8243; width=&#8221;1\/1&#8243; tablet_width_inherit=&#8221;default&#8221; animation_type=&#8221;default&#8221; bg_image_animation=&#8221;none&#8221; border_type=&#8221;simple&#8221; column_border_width=&#8221;none&#8221; column_border_style=&#8221;solid&#8221; column_padding_type=&#8221;default&#8221; gradient_type=&#8221;default&#8221;][split_line_heading animation_type=&#8221;line-reveal-by-space&#8221; font_style=&#8221;h2&#8243; text_color=&#8221;#f99907&#8243; line_reveal_by_space_text_effect=&#8221;default&#8221; content_alignment=&#8221;default&#8221; mobile_content_alignment=&#8221;inherit&#8221; link_target=&#8221;_self&#8221; text_content=&#8221;Ver m\u00e1s art\u00edculos&#8221; font_size=&#8221;60px&#8221; font_size_phone=&#8221;50px&#8221; font_line_height=&#8221;75px&#8221;][\/split_line_heading][\/vc_column][\/vc_row][vc_row type=&#8221;in_container&#8221; full_screen_row_position=&#8221;middle&#8221; column_margin=&#8221;default&#8221; column_direction=&#8221;default&#8221; column_direction_tablet=&#8221;default&#8221; column_direction_phone=&#8221;default&#8221; scene_position=&#8221;center&#8221; text_color=&#8221;dark&#8221; text_align=&#8221;left&#8221; row_border_radius=&#8221;none&#8221; row_border_radius_applies=&#8221;bg&#8221; overflow=&#8221;visible&#8221; overlay_strength=&#8221;0.3&#8243; gradient_direction=&#8221;left_to_right&#8221; shape_divider_position=&#8221;bottom&#8221; bg_image_animation=&#8221;none&#8221;][vc_column column_padding=&#8221;no-extra-padding&#8221; column_padding_tablet=&#8221;inherit&#8221; column_padding_phone=&#8221;inherit&#8221; column_padding_position=&#8221;all&#8221; column_element_direction_desktop=&#8221;default&#8221; column_element_spacing=&#8221;default&#8221; desktop_text_alignment=&#8221;default&#8221; tablet_text_alignment=&#8221;default&#8221; phone_text_alignment=&#8221;default&#8221; background_color_opacity=&#8221;1&#8243; background_hover_color_opacity=&#8221;1&#8243; column_backdrop_filter=&#8221;none&#8221; column_shadow=&#8221;none&#8221; column_border_radius=&#8221;none&#8221; column_link_target=&#8221;_self&#8221; column_position=&#8221;default&#8221; gradient_direction=&#8221;left_to_right&#8221; overlay_strength=&#8221;0.3&#8243; width=&#8221;1\/1&#8243; tablet_width_inherit=&#8221;default&#8221; animation_type=&#8221;default&#8221; bg_image_animation=&#8221;none&#8221; border_type=&#8221;simple&#8221; column_border_width=&#8221;none&#8221; column_border_style=&#8221;solid&#8221;][\/vc_column][\/vc_row]\n","protected":false},"excerpt":{"rendered":"<p>[vc_row type=&#8221;full_width_background&#8221; full_screen_row_position=&#8221;middle&#8221; column_margin=&#8221;default&#8221; column_direction=&#8221;default&#8221; column_direction_tablet=&#8221;default&#8221; column_direction_phone=&#8221;default&#8221; bg_image=&#8221;472&#8243; bg_position=&#8221;center center&#8221; background_image_loading=&#8221;default&#8221; bg_repeat=&#8221;no-repeat&#8221; scene_position=&#8221;center&#8221; top_padding=&#8221;300px&#8221; constrain_group_1=&#8221;yes&#8221; bottom_padding=&#8221;300px&#8221; text_color=&#8221;light&#8221; text_align=&#8221;left&#8221; row_border_radius=&#8221;none&#8221; row_border_radius_applies=&#8221;bg&#8221; overflow=&#8221;visible&#8221; shape_divider_position=&#8221;bottom&#8221; bg_image_animation=&#8221;none&#8221; parallax_bg=&#8221;true&#8221; parallax_bg_speed=&#8221;fast&#8221; gradient_type=&#8221;advanced&#8221; shape_type=&#8221;&#8221; advanced_gradient_display_type=&#8221;linear&#8221;][vc_column column_padding=&#8221;no-extra-padding&#8221; column_padding_tablet=&#8221;inherit&#8221;&#8230;<\/p>\n","protected":false},"author":1,"featured_media":0,"parent":0,"menu_order":0,"comment_status":"closed","ping_status":"closed","template":"","meta":{"_acf_changed":false,"inline_featured_image":false,"footnotes":""},"class_list":["post-2781","page","type-page","status-publish"],"acf":[],"_links":{"self":[{"href":"https:\/\/www.abaigroup.com\/en\/wp-json\/wp\/v2\/pages\/2781","targetHints":{"allow":["GET"]}}],"collection":[{"href":"https:\/\/www.abaigroup.com\/en\/wp-json\/wp\/v2\/pages"}],"about":[{"href":"https:\/\/www.abaigroup.com\/en\/wp-json\/wp\/v2\/types\/page"}],"author":[{"embeddable":true,"href":"https:\/\/www.abaigroup.com\/en\/wp-json\/wp\/v2\/users\/1"}],"replies":[{"embeddable":true,"href":"https:\/\/www.abaigroup.com\/en\/wp-json\/wp\/v2\/comments?post=2781"}],"version-history":[{"count":0,"href":"https:\/\/www.abaigroup.com\/en\/wp-json\/wp\/v2\/pages\/2781\/revisions"}],"wp:attachment":[{"href":"https:\/\/www.abaigroup.com\/en\/wp-json\/wp\/v2\/media?parent=2781"}],"curies":[{"name":"wp","href":"https:\/\/api.w.org\/{rel}","templated":true}]}}