{"id":5537,"date":"2022-11-24T10:25:39","date_gmt":"2022-11-24T09:25:39","guid":{"rendered":"https:\/\/web.abaigroup.cloud\/blog\/"},"modified":"2024-05-28T18:42:02","modified_gmt":"2024-05-28T16:42:02","slug":"blog","status":"publish","type":"page","link":"https:\/\/www.abaigroup.com\/pt-br\/blog\/","title":{"rendered":"Blog"},"content":{"rendered":"[vc_row type=&#8221;full_width_background&#8221; full_screen_row_position=&#8221;middle&#8221; column_margin=&#8221;default&#8221; column_direction=&#8221;default&#8221; column_direction_tablet=&#8221;default&#8221; column_direction_phone=&#8221;default&#8221; bg_image=&#8221;9893&#8243; bg_position=&#8221;left top&#8221; background_image_loading=&#8221;default&#8221; bg_repeat=&#8221;no-repeat&#8221; scene_position=&#8221;center&#8221; top_padding=&#8221;10%&#8221; bottom_padding=&#8221;10%&#8221; text_color=&#8221;light&#8221; text_align=&#8221;left&#8221; row_border_radius=&#8221;none&#8221; row_border_radius_applies=&#8221;bg&#8221; overflow=&#8221;visible&#8221; shape_divider_position=&#8221;bottom&#8221; bg_image_animation=&#8221;none&#8221; parallax_bg=&#8221;true&#8221; parallax_bg_speed=&#8221;fast&#8221; gradient_type=&#8221;advanced&#8221; shape_type=&#8221;&#8221; advanced_gradient_display_type=&#8221;linear&#8221;][vc_column column_padding=&#8221;no-extra-padding&#8221; column_padding_tablet=&#8221;inherit&#8221; column_padding_phone=&#8221;inherit&#8221; column_padding_position=&#8221;all&#8221; column_element_direction_desktop=&#8221;default&#8221; column_element_spacing=&#8221;default&#8221; desktop_text_alignment=&#8221;default&#8221; tablet_text_alignment=&#8221;default&#8221; phone_text_alignment=&#8221;default&#8221; background_color_opacity=&#8221;1&#8243; background_hover_color_opacity=&#8221;1&#8243; column_backdrop_filter=&#8221;none&#8221; column_shadow=&#8221;none&#8221; column_border_radius=&#8221;none&#8221; column_link_target=&#8221;_self&#8221; column_position=&#8221;default&#8221; gradient_direction=&#8221;left_to_right&#8221; overlay_strength=&#8221;0.3&#8243; width=&#8221;1\/1&#8243; tablet_width_inherit=&#8221;default&#8221; animation_type=&#8221;default&#8221; bg_image_animation=&#8221;none&#8221; border_type=&#8221;simple&#8221; column_border_width=&#8221;none&#8221; column_border_style=&#8221;solid&#8221; column_padding_type=&#8221;default&#8221; gradient_type=&#8221;default&#8221;][nectar_responsive_text font_size_desktop=&#8221;32px&#8221; font_line_height=&#8221;40px&#8221;]\n<h3 style=\"color: #f99907; text-align: left;\">Novidades<\/h3>\n[\/nectar_responsive_text][split_line_heading animation_type=&#8221;line-reveal-by-space&#8221; font_style=&#8221;h1&#8243; text_color=&#8221;#02457c&#8221; line_reveal_by_space_text_effect=&#8221;default&#8221; content_alignment=&#8221;left&#8221; mobile_content_alignment=&#8221;inherit&#8221; link_target=&#8221;_self&#8221; text_content=&#8221;Blog da ABAI&#8221; font_size=&#8221;69px&#8221; font_size_phone=&#8221;50px&#8221;][\/split_line_heading][\/vc_column][\/vc_row][vc_row type=&#8221;in_container&#8221; full_screen_row_position=&#8221;middle&#8221; column_margin=&#8221;default&#8221; column_direction=&#8221;default&#8221; column_direction_tablet=&#8221;default&#8221; column_direction_phone=&#8221;default&#8221; scene_position=&#8221;center&#8221; top_padding=&#8221;50px&#8221; bottom_padding=&#8221;20px&#8221; text_color=&#8221;dark&#8221; text_align=&#8221;left&#8221; row_border_radius=&#8221;none&#8221; row_border_radius_applies=&#8221;bg&#8221; overflow=&#8221;visible&#8221; overlay_strength=&#8221;0.3&#8243; gradient_direction=&#8221;left_to_right&#8221; shape_divider_position=&#8221;bottom&#8221; bg_image_animation=&#8221;none&#8221; gradient_type=&#8221;default&#8221; shape_type=&#8221;&#8221;][vc_column column_padding=&#8221;no-extra-padding&#8221; column_padding_tablet=&#8221;inherit&#8221; column_padding_phone=&#8221;inherit&#8221; column_padding_position=&#8221;all&#8221; column_element_direction_desktop=&#8221;default&#8221; column_element_spacing=&#8221;default&#8221; desktop_text_alignment=&#8221;default&#8221; tablet_text_alignment=&#8221;default&#8221; phone_text_alignment=&#8221;default&#8221; background_color_opacity=&#8221;1&#8243; background_hover_color_opacity=&#8221;1&#8243; column_backdrop_filter=&#8221;none&#8221; column_shadow=&#8221;none&#8221; column_border_radius=&#8221;none&#8221; column_link_target=&#8221;_self&#8221; column_position=&#8221;default&#8221; gradient_direction=&#8221;left_to_right&#8221; overlay_strength=&#8221;0.3&#8243; width=&#8221;1\/1&#8243; tablet_width_inherit=&#8221;default&#8221; animation_type=&#8221;default&#8221; enable_animation=&#8221;true&#8221; animation=&#8221;fade-in-from-bottom&#8221; animation_easing=&#8221;default&#8221; bg_image_animation=&#8221;none&#8221; border_type=&#8221;simple&#8221; column_border_width=&#8221;none&#8221; column_border_style=&#8221;solid&#8221; column_padding_type=&#8221;default&#8221; gradient_type=&#8221;default&#8221;][nectar_responsive_text font_size_tablet=&#8221;20&#8243; font_size_phone=&#8221;18&#8243;]\n<p style=\"color: #a0a0a0; text-align: center;\">Em nosso blog, conhe\u00e7a a an\u00e1lise de nossos especialistas em inova\u00e7\u00e3o, transforma\u00e7\u00e3o digital, as \u00faltimas novidades em atendimento e experi\u00eancia do cliente e muito mais.<\/p>\n[\/nectar_responsive_text][\/vc_column][\/vc_row][vc_row type=&#8221;in_container&#8221; full_screen_row_position=&#8221;middle&#8221; column_margin=&#8221;default&#8221; column_direction=&#8221;default&#8221; column_direction_tablet=&#8221;default&#8221; column_direction_phone=&#8221;default&#8221; scene_position=&#8221;center&#8221; top_padding=&#8221;0px&#8221; bottom_padding=&#8221;60px&#8221; text_color=&#8221;dark&#8221; text_align=&#8221;left&#8221; row_border_radius=&#8221;none&#8221; row_border_radius_applies=&#8221;bg&#8221; overflow=&#8221;visible&#8221; overlay_strength=&#8221;0.3&#8243; gradient_direction=&#8221;left_to_right&#8221; shape_divider_position=&#8221;bottom&#8221; bg_image_animation=&#8221;none&#8221; gradient_type=&#8221;default&#8221; shape_type=&#8221;&#8221;][vc_column column_padding=&#8221;no-extra-padding&#8221; column_padding_tablet=&#8221;inherit&#8221; column_padding_phone=&#8221;inherit&#8221; column_padding_position=&#8221;all&#8221; top_margin=&#8221;0&#8243; column_element_direction_desktop=&#8221;default&#8221; column_element_spacing=&#8221;default&#8221; desktop_text_alignment=&#8221;default&#8221; tablet_text_alignment=&#8221;default&#8221; phone_text_alignment=&#8221;default&#8221; background_color_opacity=&#8221;1&#8243; background_hover_color_opacity=&#8221;1&#8243; column_backdrop_filter=&#8221;none&#8221; column_shadow=&#8221;none&#8221; column_border_radius=&#8221;none&#8221; column_link_target=&#8221;_self&#8221; column_position=&#8221;default&#8221; gradient_direction=&#8221;left_to_right&#8221; overlay_strength=&#8221;0.3&#8243; width=&#8221;1\/1&#8243; tablet_width_inherit=&#8221;default&#8221; animation_type=&#8221;default&#8221; enable_animation=&#8221;true&#8221; animation=&#8221;fade-in-from-bottom&#8221; animation_easing=&#8221;default&#8221; bg_image_animation=&#8221;none&#8221; border_type=&#8221;simple&#8221; column_border_width=&#8221;none&#8221; column_border_style=&#8221;solid&#8221; column_padding_type=&#8221;default&#8221; gradient_type=&#8221;default&#8221;][vc_column_text el_class=&#8221;filtro-white&#8221;]<div class=\"filtro\" data-columns=\"2\" post-type=\"post\" layout=\"item-half\">\n\t\t\t\t<form method=\"GET\" action=\".\">\t<div class=\"form-group\">\n\t\t\t\t\t\t<label>Fecha<\/label>\n\t\t\t\t\t\t<select name=\"fecha\">\n\t\t\t\t\t\t\t<option selected value=\"\">Sin selecci\u00f3n<\/option><option value=\"05\/29\/2024\">maio 29, 2024<\/option><option value=\"05\/06\/2024\">maio 6, 2024<\/option>\t\t<\/select>\n\t\t\t\t\t\t<div class=\"select\">\n\t\t\t\t\t\t\t<span class=\"selected\">Sin selecci\u00f3n<\/span>\n\t\t\t\t\t\t\t<div class=\"options\">\n\t\t\t\t\t\t\t\t<div class=\"option\">Sin selecci\u00f3n<\/div><div class=\"option\" value=\"05\/29\/2024\">maio 29, 2024<\/div><div class=\"option\" value=\"05\/06\/2024\">maio 6, 2024<\/div>\t\t\t<\/div>\n\t\t\t\t\t\t<\/div>\n\t\t\t\t\t<\/div>\t<div class=\"form-group\">\n\t\t\t\t\t\t<label>Etiqueta<\/label>\n\t\t\t\t\t\t<select name=\"etiqueta\">\n\t\t\t\t\t\t\t<option selected value=\"\">Sin selecci\u00f3n<\/option>\t\t<\/select>\n\t\t\t\t\t\t<div class=\"select\">\n\t\t\t\t\t\t\t<span class=\"selected\">Sin selecci\u00f3n<\/span>\n\t\t\t\t\t\t\t<div class=\"options\">\n\t\t\t\t\t\t\t\t<div class=\"option\">Sin selecci\u00f3n<\/div>\t\t\t<\/div>\n\t\t\t\t\t\t<\/div>\n\t\t\t\t\t<\/div>\t<\/form>\n\t\t\t<\/div>[\/vc_column_text][vc_column_text]<div id=\"blog\" class=\"items load3\" post_type=\"post\" paged=\"1\" max_pages=\"0\" layout=\"item-half\" posts_per_page=\"3\" orderby=\"date\" categoria=\"blog\"><\/div>[\/vc_column_text][divider line_type=&#8221;No Line&#8221; divider_opacity=&#8221;0&#8243; custom_height=&#8221;10&#8243;][\/vc_column][\/vc_row][vc_row type=&#8221;in_container&#8221; full_screen_row_position=&#8221;middle&#8221; column_margin=&#8221;40px&#8221; column_direction=&#8221;default&#8221; column_direction_tablet=&#8221;default&#8221; column_direction_phone=&#8221;default&#8221; scene_position=&#8221;center&#8221; text_color=&#8221;dark&#8221; text_align=&#8221;left&#8221; row_border_radius=&#8221;none&#8221; row_border_radius_applies=&#8221;bg&#8221; overflow=&#8221;visible&#8221; class=&#8221;blue-hover&#8221; id=&#8221;descubre-mas&#8221; overlay_strength=&#8221;0.3&#8243; gradient_direction=&#8221;left_to_right&#8221; shape_divider_position=&#8221;bottom&#8221; bg_image_animation=&#8221;none&#8221; gradient_type=&#8221;default&#8221; shape_type=&#8221;&#8221;][vc_column top_padding_desktop=&#8221;70px&#8221; bottom_padding_desktop=&#8221;70px&#8221; left_padding_desktop=&#8221;60px&#8221; constrain_group_101=&#8221;yes&#8221; right_padding_desktop=&#8221;60px&#8221; column_element_direction_desktop=&#8221;default&#8221; column_element_spacing=&#8221;30px&#8221; desktop_text_alignment=&#8221;center&#8221; tablet_text_alignment=&#8221;default&#8221; phone_text_alignment=&#8221;default&#8221; background_color=&#8221;#02457c&#8221; background_color_opacity=&#8221;1&#8243; background_color_hover=&#8221;#fa9801&#8243; background_hover_color_opacity=&#8221;1&#8243; background_image=&#8221;1746&#8243; background_image_position=&#8221;center center&#8221; background_image_stacking=&#8221;default&#8221; enable_bg_scale=&#8221;true&#8221; background_image_loading=&#8221;default&#8221; column_backdrop_filter=&#8221;none&#8221; column_shadow=&#8221;custom&#8221; column_border_radius=&#8221;20px&#8221; column_link_target=&#8221;_self&#8221; column_position=&#8221;default&#8221; gradient_direction=&#8221;left_to_right&#8221; overlay_strength=&#8221;0.3&#8243; width=&#8221;1\/2&#8243; tablet_width_inherit=&#8221;default&#8221; animation_type=&#8221;default&#8221; enable_animation=&#8221;true&#8221; animation=&#8221;fade-in-from-bottom&#8221; animation_easing=&#8221;default&#8221; bg_image_animation=&#8221;none&#8221; border_type=&#8221;simple&#8221; column_border_width=&#8221;none&#8221; column_border_style=&#8221;solid&#8221; column_padding_type=&#8221;advanced&#8221; gradient_type=&#8221;default&#8221; custom_box_shadow=&#8221;horizontal:0,vertical:4,blur:14,spread:4,opacity:0.25&#8243;][nectar_responsive_text font_size_desktop=&#8221;45px&#8221; font_line_height=&#8221;40px&#8221; font_size_tablet=&#8221;35&#8243; font_size_phone=&#8221;30&#8243;]\n<h2 style=\"color: #ffffff; text-align: center;\">Contato<\/h2>\n[\/nectar_responsive_text][vc_raw_html]JTNDYSUyMGNsYXNzJTNEJTIybGluay1mbGVjaGElMjBibGFuY2ElMjIlMjBocmVmJTNEJTIyJTJGcHQtYnIlMkZjb250YXRvJTJGJTIyJTNFJTNDaSUyMGNsYXNzJTNEJTIyZmxlY2hhLWJsYW5jYSUyMiUzRSUzQyUyRmklM0VWZWphJTIwbWFpcyUzQyUyRmElM0U=[\/vc_raw_html][\/vc_column][vc_column top_padding_desktop=&#8221;70px&#8221; bottom_padding_desktop=&#8221;70px&#8221; left_padding_desktop=&#8221;60px&#8221; constrain_group_101=&#8221;yes&#8221; right_padding_desktop=&#8221;60px&#8221; column_element_direction_desktop=&#8221;default&#8221; column_element_spacing=&#8221;30px&#8221; desktop_text_alignment=&#8221;center&#8221; tablet_text_alignment=&#8221;default&#8221; phone_text_alignment=&#8221;default&#8221; background_color=&#8221;#00457c&#8221; background_color_opacity=&#8221;1&#8243; background_color_hover=&#8221;#fa9801&#8243; background_hover_color_opacity=&#8221;1&#8243; background_image=&#8221;1747&#8243; background_image_position=&#8221;center center&#8221; background_image_stacking=&#8221;default&#8221; enable_bg_scale=&#8221;true&#8221; background_image_loading=&#8221;default&#8221; column_backdrop_filter=&#8221;none&#8221; column_shadow=&#8221;custom&#8221; column_border_radius=&#8221;20px&#8221; column_link_target=&#8221;_self&#8221; column_position=&#8221;default&#8221; gradient_direction=&#8221;left_to_right&#8221; overlay_strength=&#8221;0.3&#8243; width=&#8221;1\/2&#8243; tablet_width_inherit=&#8221;default&#8221; animation_type=&#8221;default&#8221; enable_animation=&#8221;true&#8221; animation=&#8221;fade-in-from-bottom&#8221; animation_easing=&#8221;default&#8221; bg_image_animation=&#8221;none&#8221; border_type=&#8221;simple&#8221; column_border_width=&#8221;none&#8221; column_border_style=&#8221;solid&#8221; column_padding_type=&#8221;advanced&#8221; gradient_type=&#8221;default&#8221; custom_box_shadow=&#8221;horizontal:0,vertical:4,blur:14,spread:4,opacity:0.25&#8243;][nectar_responsive_text font_size_desktop=&#8221;45px&#8221; font_line_height=&#8221;40px&#8221; font_size_tablet=&#8221;35&#8243; font_size_phone=&#8221;30&#8243;]\n<h2 style=\"color: #ffffff; text-align: center;\">Talento<\/h2>\n[\/nectar_responsive_text][vc_raw_html]JTNDYSUyMGNsYXNzJTNEJTIybGluay1mbGVjaGElMjBibGFuY2ElMjIlMjBocmVmJTNEJTIyJTJGcHQtYnIlMkZqdW50ZS1zZS1hLWVxdWlwZS1hYmFpJTJGJTIyJTNFJTNDaSUyMGNsYXNzJTNEJTIyZmxlY2hhLWJsYW5jYSUyMiUzRSUzQyUyRmklM0VWZWphJTIwbWFpcyUzQyUyRmElM0U=[\/vc_raw_html][\/vc_column][\/vc_row]\n","protected":false},"excerpt":{"rendered":"<p>[vc_row type=&#8221;full_width_background&#8221; full_screen_row_position=&#8221;middle&#8221; column_margin=&#8221;default&#8221; column_direction=&#8221;default&#8221; column_direction_tablet=&#8221;default&#8221; column_direction_phone=&#8221;default&#8221; bg_image=&#8221;9893&#8243; bg_position=&#8221;left top&#8221; background_image_loading=&#8221;default&#8221; bg_repeat=&#8221;no-repeat&#8221; scene_position=&#8221;center&#8221; top_padding=&#8221;10%&#8221; bottom_padding=&#8221;10%&#8221; text_color=&#8221;light&#8221; text_align=&#8221;left&#8221; row_border_radius=&#8221;none&#8221; row_border_radius_applies=&#8221;bg&#8221; overflow=&#8221;visible&#8221; shape_divider_position=&#8221;bottom&#8221; bg_image_animation=&#8221;none&#8221; parallax_bg=&#8221;true&#8221; parallax_bg_speed=&#8221;fast&#8221; gradient_type=&#8221;advanced&#8221; shape_type=&#8221;&#8221; advanced_gradient_display_type=&#8221;linear&#8221;][vc_column column_padding=&#8221;no-extra-padding&#8221; column_padding_tablet=&#8221;inherit&#8221; column_padding_phone=&#8221;inherit&#8221;&#8230;<\/p>\n","protected":false},"author":2,"featured_media":0,"parent":0,"menu_order":0,"comment_status":"closed","ping_status":"closed","template":"","meta":{"_acf_changed":false,"inline_featured_image":false,"footnotes":""},"class_list":["post-5537","page","type-page","status-publish"],"acf":[],"_links":{"self":[{"href":"https:\/\/www.abaigroup.com\/pt-br\/wp-json\/wp\/v2\/pages\/5537","targetHints":{"allow":["GET"]}}],"collection":[{"href":"https:\/\/www.abaigroup.com\/pt-br\/wp-json\/wp\/v2\/pages"}],"about":[{"href":"https:\/\/www.abaigroup.com\/pt-br\/wp-json\/wp\/v2\/types\/page"}],"author":[{"embeddable":true,"href":"https:\/\/www.abaigroup.com\/pt-br\/wp-json\/wp\/v2\/users\/2"}],"replies":[{"embeddable":true,"href":"https:\/\/www.abaigroup.com\/pt-br\/wp-json\/wp\/v2\/comments?post=5537"}],"version-history":[{"count":4,"href":"https:\/\/www.abaigroup.com\/pt-br\/wp-json\/wp\/v2\/pages\/5537\/revisions"}],"predecessor-version":[{"id":11426,"href":"https:\/\/www.abaigroup.com\/pt-br\/wp-json\/wp\/v2\/pages\/5537\/revisions\/11426"}],"wp:attachment":[{"href":"https:\/\/www.abaigroup.com\/pt-br\/wp-json\/wp\/v2\/media?parent=5537"}],"curies":[{"name":"wp","href":"https:\/\/api.w.org\/{rel}","templated":true}]}}