{"id":5749,"date":"2022-12-02T11:17:34","date_gmt":"2022-12-02T10:17:34","guid":{"rendered":"https:\/\/web.abaigroup.cloud\/whistleblow\/"},"modified":"2024-05-27T08:32:29","modified_gmt":"2024-05-27T06:32:29","slug":"realizar-denuncia","status":"publish","type":"page","link":"https:\/\/www.abaigroup.com\/pt-br\/realizar-denuncia\/","title":{"rendered":"Realizar Den\u00fancia"},"content":{"rendered":"[vc_row type=&#8221;full_width_background&#8221; full_screen_row_position=&#8221;middle&#8221; column_margin=&#8221;default&#8221; column_direction=&#8221;default&#8221; column_direction_tablet=&#8221;default&#8221; column_direction_phone=&#8221;default&#8221; bg_image=&#8221;1784&#8243; bg_position=&#8221;left top&#8221; background_image_loading=&#8221;default&#8221; bg_repeat=&#8221;no-repeat&#8221; scene_position=&#8221;center&#8221; top_padding=&#8221;7%&#8221; bottom_padding=&#8221;7%&#8221; text_color=&#8221;light&#8221; text_align=&#8221;left&#8221; row_border_radius=&#8221;none&#8221; row_border_radius_applies=&#8221;bg&#8221; overflow=&#8221;visible&#8221; id=&#8221;top-bg&#8221; shape_divider_position=&#8221;bottom&#8221; bg_image_animation=&#8221;none&#8221; parallax_bg=&#8221;true&#8221; parallax_bg_speed=&#8221;fast&#8221; gradient_type=&#8221;advanced&#8221; shape_type=&#8221;&#8221; advanced_gradient_display_type=&#8221;linear&#8221;][vc_column column_padding=&#8221;no-extra-padding&#8221; column_padding_tablet=&#8221;inherit&#8221; column_padding_phone=&#8221;inherit&#8221; column_padding_position=&#8221;all&#8221; column_element_direction_desktop=&#8221;default&#8221; column_element_spacing=&#8221;default&#8221; desktop_text_alignment=&#8221;default&#8221; tablet_text_alignment=&#8221;default&#8221; phone_text_alignment=&#8221;default&#8221; background_color_opacity=&#8221;1&#8243; background_hover_color_opacity=&#8221;1&#8243; column_backdrop_filter=&#8221;none&#8221; column_shadow=&#8221;none&#8221; column_border_radius=&#8221;none&#8221; column_link_target=&#8221;_self&#8221; column_position=&#8221;default&#8221; gradient_direction=&#8221;left_to_right&#8221; overlay_strength=&#8221;0.3&#8243; width=&#8221;3\/5&#8243; tablet_width_inherit=&#8221;default&#8221; animation_type=&#8221;default&#8221; bg_image_animation=&#8221;none&#8221; border_type=&#8221;simple&#8221; column_border_width=&#8221;none&#8221; column_border_style=&#8221;solid&#8221; column_padding_type=&#8221;default&#8221; gradient_type=&#8221;default&#8221;][split_line_heading animation_type=&#8221;line-reveal-by-space&#8221; font_style=&#8221;h1&#8243; text_color=&#8221;#00457c&#8221; line_reveal_by_space_text_effect=&#8221;default&#8221; content_alignment=&#8221;default&#8221; mobile_content_alignment=&#8221;left&#8221; link_target=&#8221;_self&#8221; text_content=&#8221;Realizar Den\u00fancia&#8221; font_size=&#8221;69px&#8221; font_size_phone=&#8221;40px&#8221; font_size_tablet=&#8221;50&#8243;][\/split_line_heading][nectar_responsive_text text_color=&#8221;#a0a0a0&#8243; font_size_desktop=&#8221;25&#8243; font_size_tablet=&#8221;18&#8243; font_size_phone=&#8221;16&#8243;]\n<p style=\"text-align: left; color: #02457c; font-weight: 600;\">Denunciar viola\u00e7\u00f5es das pol\u00edticas ou procedimentos de seguran\u00e7a da informa\u00e7\u00e3o.<\/p>\n[\/nectar_responsive_text][\/vc_column][\/vc_row][vc_row type=&#8221;in_container&#8221; full_screen_row_position=&#8221;middle&#8221; column_margin=&#8221;default&#8221; column_direction=&#8221;default&#8221; column_direction_tablet=&#8221;default&#8221; column_direction_phone=&#8221;default&#8221; scene_position=&#8221;center&#8221; text_color=&#8221;dark&#8221; text_align=&#8221;left&#8221; row_border_radius=&#8221;none&#8221; row_border_radius_applies=&#8221;bg&#8221; overflow=&#8221;visible&#8221; overlay_strength=&#8221;0.3&#8243; gradient_direction=&#8221;left_to_right&#8221; shape_divider_position=&#8221;bottom&#8221; bg_image_animation=&#8221;none&#8221;][vc_column column_padding=&#8221;no-extra-padding&#8221; column_padding_tablet=&#8221;inherit&#8221; column_padding_phone=&#8221;inherit&#8221; column_padding_position=&#8221;all&#8221; column_element_direction_desktop=&#8221;default&#8221; column_element_spacing=&#8221;default&#8221; desktop_text_alignment=&#8221;default&#8221; tablet_text_alignment=&#8221;default&#8221; phone_text_alignment=&#8221;default&#8221; background_color_opacity=&#8221;1&#8243; background_hover_color_opacity=&#8221;1&#8243; column_backdrop_filter=&#8221;none&#8221; column_shadow=&#8221;none&#8221; column_border_radius=&#8221;none&#8221; column_link_target=&#8221;_self&#8221; column_position=&#8221;default&#8221; gradient_direction=&#8221;left_to_right&#8221; overlay_strength=&#8221;0.3&#8243; width=&#8221;1\/1&#8243; tablet_width_inherit=&#8221;default&#8221; animation_type=&#8221;default&#8221; bg_image_animation=&#8221;none&#8221; border_type=&#8221;simple&#8221; column_border_width=&#8221;none&#8221; column_border_style=&#8221;solid&#8221;][nectar_global_section id=&#8221;9349&#8243;][\/vc_column][\/vc_row][vc_row type=&#8221;in_container&#8221; full_screen_row_position=&#8221;middle&#8221; column_margin=&#8221;default&#8221; column_direction=&#8221;default&#8221; column_direction_tablet=&#8221;default&#8221; column_direction_phone=&#8221;default&#8221; scene_position=&#8221;center&#8221; top_padding=&#8221;50&#8243; text_color=&#8221;dark&#8221; text_align=&#8221;center&#8221; row_border_radius=&#8221;none&#8221; row_border_radius_applies=&#8221;bg&#8221; overflow=&#8221;visible&#8221; id=&#8221;introduccion&#8221; overlay_strength=&#8221;0.3&#8243; gradient_direction=&#8221;left_to_right&#8221; shape_divider_position=&#8221;bottom&#8221; bg_image_animation=&#8221;none&#8221; gradient_type=&#8221;default&#8221; shape_type=&#8221;&#8221;][vc_column column_padding=&#8221;no-extra-padding&#8221; column_padding_tablet=&#8221;no-extra-padding&#8221; column_padding_phone=&#8221;inherit&#8221; column_padding_position=&#8221;all&#8221; column_element_direction_desktop=&#8221;default&#8221; column_element_spacing=&#8221;default&#8221; desktop_text_alignment=&#8221;default&#8221; tablet_text_alignment=&#8221;default&#8221; phone_text_alignment=&#8221;default&#8221; background_color_opacity=&#8221;1&#8243; background_hover_color_opacity=&#8221;1&#8243; column_backdrop_filter=&#8221;none&#8221; column_shadow=&#8221;none&#8221; column_border_radius=&#8221;none&#8221; column_link_target=&#8221;_self&#8221; column_position=&#8221;default&#8221; gradient_direction=&#8221;left_to_right&#8221; overlay_strength=&#8221;0.3&#8243; width=&#8221;1\/1&#8243; tablet_width_inherit=&#8221;default&#8221; animation_type=&#8221;default&#8221; bg_image_animation=&#8221;none&#8221; border_type=&#8221;simple&#8221; column_border_width=&#8221;none&#8221; column_border_style=&#8221;solid&#8221; column_padding_type=&#8221;default&#8221; gradient_type=&#8221;default&#8221;][nectar_responsive_text text_color=&#8221;#a0a0a0&#8243; font_size_desktop=&#8221;18&#8243; font_size_tablet=&#8221;18&#8243; font_size_phone=&#8221;16&#8243;]Nosso Canal de \u00c9tica \u00e9 o local para relatar incidentes confidenciais que disponibilizamos a todas as partes interessadas. O seguinte formul\u00e1rio facilita a comunica\u00e7\u00e3o de qualquer n\u00e3o conformidade, irregularidade ou ato il\u00edcito relacionado a regras internas, pol\u00edticas e leis da empresa. Ela tamb\u00e9m facilita a comunica\u00e7\u00e3o no caso de uma poss\u00edvel viola\u00e7\u00e3o de seguran\u00e7a ser descoberta devido a pr\u00e1ticas maliciosas ou ao desconhecimento dos regulamentos.<\/p>\n<p>ABAI est\u00e1 comprometida com a transpar\u00eancia e garante a confidencialidade das informa\u00e7\u00f5es e a prote\u00e7\u00e3o de dados de acordo com o disposto na Lei Geral de Prote\u00e7\u00e3o de Dados Pessoais (LGPD \u2013 Lei n\u00ba 13.709\/2018) e Marco Civil da Internet (artigos 7\u00ba e 16o) de 14 de Agosto de 2018. As comunica\u00e7\u00f5es recebidas atrav\u00e9s deste canal s\u00f3 ser\u00e3o recebidas pelo gerente externo do canal de \u00e9tica, que realizar\u00e1 as investiga\u00e7\u00f5es apropriadas e propor\u00e1 a resolu\u00e7\u00e3o correspondente ao Comit\u00ea de Conformidade da Empresa. O gerente avaliar\u00e1 o incidente e o escalar\u00e1 de acordo com sua gravidade, de acordo com o Plano de Resposta ao Incidente que temos implementado.<\/p>\n<p>Os titulares de Dados Pessoais podem requerer:<\/p>\n<p>\u2013 A limita\u00e7\u00e3o do uso de seus Dados Pessoais;<br \/>\n\u2013 Anonimiza\u00e7\u00e3o, bloqueio ou elimina\u00e7\u00e3o de dados desnecess\u00e1rios, excessivos ou tratados em desconformidade com o disposto na lei;<br \/>\n\u2013 Portabilidade dos dados, observadas as normas aplic\u00e1veis e os segredos comercial e industrial;<br \/>\n\u2013 Obten\u00e7\u00e3o de informa\u00e7\u00f5es sobre as entidades p\u00fablicas ou privadas com as quais a ABAI compartilhou os seus dados;<br \/>\n\u2013 Informa\u00e7\u00e3o sobre a possibilidade de o Usu\u00e1rio n\u00e3o fornecer o consentimento, bem como de ser informado sobre as consequ\u00eancias em caso de negativa;<br \/>\n\u2013 Revogar o consentimento;<br \/>\n\u2013 Manifestar sua oposi\u00e7\u00e3o ao tratamento realizado com fundamento em outras bases legais, em caso de descumprimento da Lei Geral de Prote\u00e7\u00e3o dos Dados (LGPD), ressaltando que pode haver situa\u00e7\u00f5es em que poderemos continuar a realizar o Tratamento e recusar o seu pedido de oposi\u00e7\u00e3o;<br \/>\n\u2013 Solicitar a revis\u00e3o de decis\u00f5es tomadas unicamente com base em tratamento automatizado de Dados Pessoais que o afetem, como decis\u00f5es de cr\u00e9dito; e<br \/>\n\u2013 Solicitar o cancelamento do envio de ofertas direcionadas de produtos e servi\u00e7os da ABAI pelos nossos canais de atendimento.<br \/>\n\u2013 A remo\u00e7\u00e3o de consentimento para finalidades fundamentais ao regular funcionamento dos servi\u00e7os e das Solu\u00e7\u00f5es, tais Solu\u00e7\u00f5es e servi\u00e7os poder\u00e3o ficar indispon\u00edveis ao titular do dado.<br \/>\n\u2013 Findos o prazo de manuten\u00e7\u00e3o e a necessidade legal, os Dados Pessoais ser\u00e3o exclu\u00eddos com uso de m\u00e9todos de descarte seguro, ou utilizados de forma anonimizada para fins estat\u00edsticos.[\/nectar_responsive_text][\/vc_column][\/vc_row][vc_row type=&#8221;in_container&#8221; full_screen_row_position=&#8221;middle&#8221; column_margin=&#8221;default&#8221; column_direction=&#8221;default&#8221; column_direction_tablet=&#8221;default&#8221; column_direction_phone=&#8221;default&#8221; scene_position=&#8221;center&#8221; text_color=&#8221;dark&#8221; text_align=&#8221;left&#8221; row_border_radius=&#8221;none&#8221; row_border_radius_applies=&#8221;bg&#8221; overflow=&#8221;visible&#8221; overlay_strength=&#8221;0.3&#8243; gradient_direction=&#8221;left_to_right&#8221; shape_divider_position=&#8221;bottom&#8221; bg_image_animation=&#8221;none&#8221;][vc_column column_padding=&#8221;no-extra-padding&#8221; column_padding_tablet=&#8221;inherit&#8221; column_padding_phone=&#8221;inherit&#8221; column_padding_position=&#8221;all&#8221; column_element_direction_desktop=&#8221;default&#8221; column_element_spacing=&#8221;default&#8221; desktop_text_alignment=&#8221;default&#8221; tablet_text_alignment=&#8221;default&#8221; phone_text_alignment=&#8221;default&#8221; background_color_opacity=&#8221;1&#8243; background_hover_color_opacity=&#8221;1&#8243; column_backdrop_filter=&#8221;none&#8221; column_shadow=&#8221;none&#8221; column_border_radius=&#8221;none&#8221; column_link_target=&#8221;_self&#8221; column_position=&#8221;default&#8221; gradient_direction=&#8221;left_to_right&#8221; overlay_strength=&#8221;0.3&#8243; width=&#8221;1\/1&#8243; tablet_width_inherit=&#8221;default&#8221; animation_type=&#8221;default&#8221; bg_image_animation=&#8221;none&#8221; border_type=&#8221;simple&#8221; column_border_width=&#8221;none&#8221; column_border_style=&#8221;solid&#8221;][vc_raw_html el_class=&#8221;formulario-contacto&#8221;]JTVCcXVmb3JtJTIwaWQlM0QlMjIxOCUyMiUyMG5hbWUlM0QlMjJXaGlzdGxlYmxvdyUyMEJSQSUyMiU1RA==[\/vc_raw_html][\/vc_column][\/vc_row][vc_row type=&#8221;in_container&#8221; full_screen_row_position=&#8221;middle&#8221; column_margin=&#8221;default&#8221; column_direction=&#8221;default&#8221; column_direction_tablet=&#8221;default&#8221; column_direction_phone=&#8221;default&#8221; scene_position=&#8221;center&#8221; top_padding_tablet=&#8221;30&#8243; text_color=&#8221;dark&#8221; text_align=&#8221;left&#8221; row_border_radius=&#8221;none&#8221; row_border_radius_applies=&#8221;bg&#8221; overflow=&#8221;visible&#8221; overlay_strength=&#8221;0.3&#8243; gradient_direction=&#8221;left_to_right&#8221; shape_divider_position=&#8221;bottom&#8221; bg_image_animation=&#8221;none&#8221; gradient_type=&#8221;default&#8221; shape_type=&#8221;&#8221;][vc_column column_padding=&#8221;no-extra-padding&#8221; column_padding_tablet=&#8221;inherit&#8221; column_padding_phone=&#8221;inherit&#8221; column_padding_position=&#8221;all&#8221; column_element_direction_desktop=&#8221;default&#8221; column_element_spacing=&#8221;default&#8221; desktop_text_alignment=&#8221;default&#8221; tablet_text_alignment=&#8221;default&#8221; phone_text_alignment=&#8221;default&#8221; background_color_opacity=&#8221;1&#8243; background_hover_color_opacity=&#8221;1&#8243; column_backdrop_filter=&#8221;none&#8221; column_shadow=&#8221;none&#8221; column_border_radius=&#8221;none&#8221; column_link_target=&#8221;_self&#8221; column_position=&#8221;default&#8221; gradient_direction=&#8221;left_to_right&#8221; overlay_strength=&#8221;0.3&#8243; width=&#8221;1\/1&#8243; tablet_width_inherit=&#8221;default&#8221; animation_type=&#8221;default&#8221; bg_image_animation=&#8221;none&#8221; border_type=&#8221;simple&#8221; column_border_width=&#8221;none&#8221; column_border_style=&#8221;solid&#8221;][vc_row_inner equal_height=&#8221;yes&#8221; column_margin=&#8221;40px&#8221; column_direction=&#8221;default&#8221; column_direction_tablet=&#8221;default&#8221; column_direction_phone=&#8221;default&#8221; top_padding=&#8221;30&#8243; text_align=&#8221;left&#8221; row_position=&#8221;default&#8221; row_position_tablet=&#8221;inherit&#8221; row_position_phone=&#8221;inherit&#8221; overflow=&#8221;visible&#8221; pointer_events=&#8221;all&#8221; class=&#8221;row-enlaces&#8221; el_id=&#8221;descubre-mas&#8221;][vc_column_inner top_padding_desktop=&#8221;220&#8243; bottom_padding_desktop=&#8221;50&#8243; left_padding_desktop=&#8221;40&#8243; right_padding_desktop=&#8221;40&#8243; column_element_direction_desktop=&#8221;default&#8221; column_element_spacing=&#8221;10px&#8221; desktop_text_alignment=&#8221;default&#8221; tablet_text_alignment=&#8221;default&#8221; phone_text_alignment=&#8221;default&#8221; background_color_opacity=&#8221;1&#8243; background_hover_color_opacity=&#8221;1&#8243; background_image=&#8221;1812&#8243; background_image_position=&#8221;center center&#8221; background_image_stacking=&#8221;default&#8221; background_image_loading=&#8221;default&#8221; column_backdrop_filter=&#8221;none&#8221; column_shadow=&#8221;custom&#8221; column_border_radius=&#8221;15px&#8221; column_link_target=&#8221;_self&#8221; overflow=&#8221;visible&#8221; gradient_direction=&#8221;left_to_right&#8221; overlay_strength=&#8221;0.3&#8243; width=&#8221;1\/3&#8243; tablet_width_inherit=&#8221;default&#8221; animation_type=&#8221;default&#8221; bg_image_animation=&#8221;none&#8221; border_type=&#8221;simple&#8221; column_border_width=&#8221;none&#8221; column_border_style=&#8221;solid&#8221; column_padding_type=&#8221;advanced&#8221; gradient_type=&#8221;default&#8221; custom_box_shadow=&#8221;horizontal:0,vertical:0,blur:15,spread:0,opacity:0.275&#8243; offset=&#8221;vc_col-lg-offset-0 vc_col-lg-4 vc_col-md-offset-1 vc_col-md-6 vc_col-sm-offset-4&#8243;][nectar_responsive_text font_size_desktop=&#8221;25px&#8221; font_line_height=&#8221;35px&#8221; font_size_tablet=&#8221;23&#8243; font_size_phone=&#8221;20&#8243;]\n<p style=\"color: #ffffff; font-weight: 600;\">Onde encontrar-nos?<\/p>\n[\/nectar_responsive_text][nectar_responsive_text font_size_desktop=&#8221;20px&#8221; font_line_height=&#8221;40px&#8221; font_size_tablet=&#8221;25&#8243; font_size_phone=&#8221;23&#8243; link_href=&#8221;\/pt-br\/onde-encontrar-nos\/&#8221;]<span style=\"text-decoration: underline; color: #fa9801;\">Leia mais<\/span>[\/nectar_responsive_text][\/vc_column_inner][vc_column_inner top_padding_desktop=&#8221;255&#8243; bottom_padding_desktop=&#8221;50&#8243; left_padding_desktop=&#8221;40&#8243; constrain_group_101=&#8221;yes&#8221; right_padding_desktop=&#8221;40&#8243; column_element_direction_desktop=&#8221;default&#8221; column_element_spacing=&#8221;10px&#8221; desktop_text_alignment=&#8221;default&#8221; tablet_text_alignment=&#8221;default&#8221; phone_text_alignment=&#8221;default&#8221; background_color_opacity=&#8221;1&#8243; background_hover_color_opacity=&#8221;1&#8243; background_image=&#8221;1813&#8243; background_image_position=&#8221;center center&#8221; background_image_stacking=&#8221;default&#8221; background_image_loading=&#8221;default&#8221; column_backdrop_filter=&#8221;none&#8221; font_color=&#8221;#000000&#8243; column_shadow=&#8221;custom&#8221; column_border_radius=&#8221;15px&#8221; column_link_target=&#8221;_self&#8221; overflow=&#8221;visible&#8221; advanced_gradient_angle=&#8221;0&#8243; gradient_direction=&#8221;left_to_right&#8221; overlay_strength=&#8221;0.3&#8243; width=&#8221;1\/3&#8243; tablet_width_inherit=&#8221;default&#8221; animation_type=&#8221;default&#8221; bg_image_animation=&#8221;none&#8221; border_type=&#8221;simple&#8221; column_border_width=&#8221;none&#8221; column_border_style=&#8221;solid&#8221; column_padding_type=&#8221;advanced&#8221; gradient_type=&#8221;default&#8221; custom_box_shadow=&#8221;horizontal:0,vertical:0,blur:15,spread:0,opacity:0.275&#8243; offset=&#8221;vc_col-lg-offset-0 vc_col-lg-4 vc_col-md-offset-1 vc_col-md-6 vc_col-sm-offset-4&#8243;][nectar_responsive_text font_size_desktop=&#8221;23px&#8221; font_line_height=&#8221;35px&#8221; font_size_tablet=&#8221;23&#8243; font_size_phone=&#8221;20&#8243;]\n<p style=\"color: #ffffff; font-weight: 600;\">Blog<\/p>\n[\/nectar_responsive_text][nectar_responsive_text font_size_desktop=&#8221;20px&#8221; font_line_height=&#8221;40px&#8221; font_size_tablet=&#8221;25&#8243; font_size_phone=&#8221;23&#8243; link_href=&#8221;\/pt-br\/sala-de-imprensa\/&#8221;]<span style=\"text-decoration: underline; color: #fa9801;\">Leia mais<\/span>[\/nectar_responsive_text][\/vc_column_inner][vc_column_inner top_padding_desktop=&#8221;255&#8243; bottom_padding_desktop=&#8221;50&#8243; left_padding_desktop=&#8221;40&#8243; right_padding_desktop=&#8221;40&#8243; column_element_direction_desktop=&#8221;default&#8221; column_element_spacing=&#8221;10px&#8221; desktop_text_alignment=&#8221;default&#8221; tablet_text_alignment=&#8221;default&#8221; phone_text_alignment=&#8221;default&#8221; background_color_opacity=&#8221;1&#8243; background_hover_color_opacity=&#8221;1&#8243; background_image=&#8221;1818&#8243; background_image_position=&#8221;center center&#8221; background_image_stacking=&#8221;default&#8221; background_image_loading=&#8221;default&#8221; column_backdrop_filter=&#8221;none&#8221; font_color=&#8221;#00457c&#8221; column_shadow=&#8221;custom&#8221; column_border_radius=&#8221;15px&#8221; column_link_target=&#8221;_self&#8221; overflow=&#8221;visible&#8221; gradient_direction=&#8221;left_to_right&#8221; overlay_strength=&#8221;0.3&#8243; width=&#8221;1\/3&#8243; tablet_width_inherit=&#8221;default&#8221; animation_type=&#8221;default&#8221; bg_image_animation=&#8221;none&#8221; border_type=&#8221;simple&#8221; column_border_width=&#8221;none&#8221; column_border_style=&#8221;solid&#8221; column_padding_type=&#8221;advanced&#8221; gradient_type=&#8221;default&#8221; offset=&#8221;vc_col-lg-offset-0 vc_col-lg-4 vc_col-md-offset-1 vc_col-md-6 vc_col-sm-offset-4&#8243; custom_box_shadow=&#8221;horizontal:0,vertical:0,blur:15,spread:0,opacity:0.275&#8243;][nectar_responsive_text font_size_desktop=&#8221;23px&#8221; font_line_height=&#8221;35px&#8221; font_size_tablet=&#8221;23&#8243; font_size_phone=&#8221;20&#8243;]\n<p style=\"color: #ffffff; font-weight: 600;\">Contacto<\/p>\n[\/nectar_responsive_text][nectar_responsive_text font_size_desktop=&#8221;20px&#8221; font_line_height=&#8221;40px&#8221; font_size_tablet=&#8221;25&#8243; font_size_phone=&#8221;23&#8243; link_href=&#8221;\/pt-br\/contato&#8221;]<span style=\"text-decoration: underline; color: #fa9801;\">Leia mais<\/span>[\/nectar_responsive_text][\/vc_column_inner][\/vc_row_inner][\/vc_column][\/vc_row]\n","protected":false},"excerpt":{"rendered":"<p>[vc_row type=&#8221;full_width_background&#8221; full_screen_row_position=&#8221;middle&#8221; column_margin=&#8221;default&#8221; column_direction=&#8221;default&#8221; column_direction_tablet=&#8221;default&#8221; column_direction_phone=&#8221;default&#8221; bg_image=&#8221;1784&#8243; bg_position=&#8221;left top&#8221; background_image_loading=&#8221;default&#8221; bg_repeat=&#8221;no-repeat&#8221; scene_position=&#8221;center&#8221; top_padding=&#8221;7%&#8221; bottom_padding=&#8221;7%&#8221; text_color=&#8221;light&#8221; text_align=&#8221;left&#8221; row_border_radius=&#8221;none&#8221; row_border_radius_applies=&#8221;bg&#8221; overflow=&#8221;visible&#8221; id=&#8221;top-bg&#8221; shape_divider_position=&#8221;bottom&#8221; bg_image_animation=&#8221;none&#8221; parallax_bg=&#8221;true&#8221; parallax_bg_speed=&#8221;fast&#8221; gradient_type=&#8221;advanced&#8221; shape_type=&#8221;&#8221; advanced_gradient_display_type=&#8221;linear&#8221;][vc_column column_padding=&#8221;no-extra-padding&#8221; column_padding_tablet=&#8221;inherit&#8221;&#8230;<\/p>\n","protected":false},"author":2,"featured_media":0,"parent":0,"menu_order":0,"comment_status":"closed","ping_status":"closed","template":"","meta":{"_acf_changed":false,"inline_featured_image":false,"footnotes":""},"class_list":["post-5749","page","type-page","status-publish"],"acf":[],"_links":{"self":[{"href":"https:\/\/www.abaigroup.com\/pt-br\/wp-json\/wp\/v2\/pages\/5749","targetHints":{"allow":["GET"]}}],"collection":[{"href":"https:\/\/www.abaigroup.com\/pt-br\/wp-json\/wp\/v2\/pages"}],"about":[{"href":"https:\/\/www.abaigroup.com\/pt-br\/wp-json\/wp\/v2\/types\/page"}],"author":[{"embeddable":true,"href":"https:\/\/www.abaigroup.com\/pt-br\/wp-json\/wp\/v2\/users\/2"}],"replies":[{"embeddable":true,"href":"https:\/\/www.abaigroup.com\/pt-br\/wp-json\/wp\/v2\/comments?post=5749"}],"version-history":[{"count":16,"href":"https:\/\/www.abaigroup.com\/pt-br\/wp-json\/wp\/v2\/pages\/5749\/revisions"}],"predecessor-version":[{"id":11054,"href":"https:\/\/www.abaigroup.com\/pt-br\/wp-json\/wp\/v2\/pages\/5749\/revisions\/11054"}],"wp:attachment":[{"href":"https:\/\/www.abaigroup.com\/pt-br\/wp-json\/wp\/v2\/media?parent=5749"}],"curies":[{"name":"wp","href":"https:\/\/api.w.org\/{rel}","templated":true}]}}