{"id":10880,"date":"2024-05-22T09:30:39","date_gmt":"2024-05-22T07:30:39","guid":{"rendered":"https:\/\/prewp.web.abaigroup.cloud\/?page_id=10880"},"modified":"2024-06-12T14:50:12","modified_gmt":"2024-06-12T12:50:12","slug":"politica-de-gestao-de-contactos","status":"publish","type":"page","link":"https:\/\/www.abaigroup.com\/pt-pt\/politica-de-gestao-de-contactos\/","title":{"rendered":"Pol\u00edtica de gest\u00e3o de contactos"},"content":{"rendered":"[vc_row type=&#8221;in_container&#8221; full_screen_row_position=&#8221;middle&#8221; column_margin=&#8221;default&#8221; column_direction=&#8221;default&#8221; column_direction_tablet=&#8221;default&#8221; column_direction_phone=&#8221;default&#8221; scene_position=&#8221;center&#8221; top_padding=&#8221;100px&#8221; bottom_padding=&#8221;80px&#8221; text_color=&#8221;dark&#8221; text_align=&#8221;left&#8221; row_border_radius=&#8221;none&#8221; row_border_radius_applies=&#8221;bg&#8221; overflow=&#8221;visible&#8221; class=&#8221;texto-legal&#8221; overlay_strength=&#8221;0.3&#8243; gradient_direction=&#8221;left_to_right&#8221; shape_divider_position=&#8221;bottom&#8221; bg_image_animation=&#8221;none&#8221; gradient_type=&#8221;default&#8221; shape_type=&#8221;&#8221;][vc_column column_padding=&#8221;no-extra-padding&#8221; column_padding_tablet=&#8221;inherit&#8221; column_padding_phone=&#8221;inherit&#8221; column_padding_position=&#8221;all&#8221; column_element_direction_desktop=&#8221;default&#8221; column_element_spacing=&#8221;default&#8221; desktop_text_alignment=&#8221;default&#8221; tablet_text_alignment=&#8221;default&#8221; phone_text_alignment=&#8221;default&#8221; sticky_content=&#8221;true&#8221; sticky_content_functionality=&#8221;js&#8221; background_color_opacity=&#8221;1&#8243; background_hover_color_opacity=&#8221;1&#8243; column_backdrop_filter=&#8221;none&#8221; column_shadow=&#8221;none&#8221; column_border_radius=&#8221;none&#8221; column_link_target=&#8221;_self&#8221; column_position=&#8221;default&#8221; gradient_direction=&#8221;left_to_right&#8221; overlay_strength=&#8221;0.3&#8243; width=&#8221;3\/4&#8243; tablet_width_inherit=&#8221;default&#8221; animation_type=&#8221;default&#8221; enable_animation=&#8221;true&#8221; animation=&#8221;fade-in-from-bottom&#8221; animation_easing=&#8221;default&#8221; bg_image_animation=&#8221;none&#8221; border_type=&#8221;simple&#8221; column_border_width=&#8221;none&#8221; column_border_style=&#8221;solid&#8221; column_padding_type=&#8221;default&#8221; gradient_type=&#8221;default&#8221;][nectar_responsive_text font_size_desktop=&#8221;32px&#8221; font_line_height=&#8221;40px&#8221; text_direction=&#8221;default&#8221;]\n<h3 style=\"color: #00457c; text-align: left;\">POL\u00cdTICA DE GEST\u00c3O DE CONTACTOS<\/h3>\n[\/nectar_responsive_text][nectar_responsive_text text_color=&#8221;#a0a0a0&#8243; font_size_phone=&#8221;18px&#8221; font_line_height=&#8221;1.3&#8243; text_direction=&#8221;default&#8221;]Em conformidade com o disposto no Regulamento (UE) 2016\/679 do Parlamento Europeu e do Conselho, de 27 de abril de 2016, relativo \u00e0 prote\u00e7\u00e3o das pessoas f\u00edsicas no que diz respeito ao tratamento de dados pessoais e \u00e0 livre circula\u00e7\u00e3o destes dados (RGPD), e na Lei Org\u00e2nica 3\/2018, de 5 de dezembro, de Prote\u00e7\u00e3o de Dados Pessoais e garantia dos direitos digitais (LOPDGDD), informamos que a ABAI BUSSINES SOLUTIONS S.A.U. vai tratar os dados pessoais inclu\u00eddos no formul\u00e1rio de contacto como Respons\u00e1vel pelo Tratamento.<\/p>\n<p>Os dados recolhidos ser\u00e3o inclu\u00eddos num ficheiro automatizado cuja finalidade \u00e9 o desenvolvimento e gest\u00e3o das atividades de resposta e manuten\u00e7\u00e3o das solicita\u00e7\u00f5es de contacto mantidas com a ABAI atrav\u00e9s do seu SITE<\/p>\n<p>O tratamento dos seus dados \u00e9 determinado pelo interesse leg\u00edtimo para o desenvolvimento e gest\u00e3o das atividades de resposta e manuten\u00e7\u00e3o das solicita\u00e7\u00f5es de contacto mantidas consigo atrav\u00e9s do site da ABAI.<\/p>\n<p>Os dados fornecidos poder\u00e3o ser transferidos ou, se for o caso, interligados, a terceiros que fa\u00e7am parte do Grupo de Empresas ABAI, para que sejam utilizados por eles com as mesmas finalidades descritas acima.<\/p>\n<p>Os seus dados pessoais ser\u00e3o mantidos enquanto houver interesse m\u00fatuo em manter o relacionamento descrito ou durante um ano ap\u00f3s o contacto estabelecido por si e enquanto n\u00e3o exercer o seu direito de elimina\u00e7\u00e3o, limita\u00e7\u00e3o ou oposi\u00e7\u00e3o ao tratamento dos seus dados<\/p>\n<p>Elas podem ser exercidas atrav\u00e9s dos seguintes canais, identificando na sua solicita\u00e7\u00e3o a refer\u00eancia &#8220;Ref. delegado de Prote\u00e7\u00e3o de Dados&#8221;:<\/p>\n<ul>\n<li style=\"list-style-type: none;\">\n<ul>\n<li>Comunica\u00e7\u00e3o escrita dirigida \u00e0 ABAI, aos cuidados do delegado de Prote\u00e7\u00e3o de Dados, para a morada Calle V\u00eda de los Poblados 3, Edificio Cristalia, Play 4B, planta 5\u00aa, (28033) Madrid.<\/li>\n<li>Mediante e-mail dirigido para a ABAI no endere\u00e7o de correio eletr\u00f3nico dpd@abaigroup.com<\/li>\n<\/ul>\n<\/li>\n<\/ul>\n<p>O titular dos dados pode apresentar uma reclama\u00e7\u00e3o \u00e0 Autoridade Nacional de Supervis\u00e3o, a Ag\u00eancia Espanhola de Prote\u00e7\u00e3o de Dados, especialmente quando n\u00e3o estiver satisfeito com o exerc\u00edcio dos seus direitos. Para obter mais informa\u00e7\u00f5es, consulte o site https:\/\/www.agpd.es[\/nectar_responsive_text][\/vc_column][\/vc_row]\n","protected":false},"excerpt":{"rendered":"<p>[vc_row type=&#8221;in_container&#8221; full_screen_row_position=&#8221;middle&#8221; column_margin=&#8221;default&#8221; column_direction=&#8221;default&#8221; column_direction_tablet=&#8221;default&#8221; column_direction_phone=&#8221;default&#8221; scene_position=&#8221;center&#8221; top_padding=&#8221;100px&#8221; bottom_padding=&#8221;80px&#8221; text_color=&#8221;dark&#8221; text_align=&#8221;left&#8221; row_border_radius=&#8221;none&#8221; row_border_radius_applies=&#8221;bg&#8221; overflow=&#8221;visible&#8221; class=&#8221;texto-legal&#8221; overlay_strength=&#8221;0.3&#8243; gradient_direction=&#8221;left_to_right&#8221; shape_divider_position=&#8221;bottom&#8221; bg_image_animation=&#8221;none&#8221; gradient_type=&#8221;default&#8221; shape_type=&#8221;&#8221;][vc_column column_padding=&#8221;no-extra-padding&#8221; column_padding_tablet=&#8221;inherit&#8221; column_padding_phone=&#8221;inherit&#8221; column_padding_position=&#8221;all&#8221; column_element_direction_desktop=&#8221;default&#8221; column_element_spacing=&#8221;default&#8221; desktop_text_alignment=&#8221;default&#8221; tablet_text_alignment=&#8221;default&#8221;&#8230;<\/p>\n","protected":false},"author":3,"featured_media":0,"parent":0,"menu_order":0,"comment_status":"closed","ping_status":"closed","template":"","meta":{"_acf_changed":false,"inline_featured_image":false,"footnotes":""},"class_list":["post-10880","page","type-page","status-publish"],"acf":[],"_links":{"self":[{"href":"https:\/\/www.abaigroup.com\/pt-pt\/wp-json\/wp\/v2\/pages\/10880","targetHints":{"allow":["GET"]}}],"collection":[{"href":"https:\/\/www.abaigroup.com\/pt-pt\/wp-json\/wp\/v2\/pages"}],"about":[{"href":"https:\/\/www.abaigroup.com\/pt-pt\/wp-json\/wp\/v2\/types\/page"}],"author":[{"embeddable":true,"href":"https:\/\/www.abaigroup.com\/pt-pt\/wp-json\/wp\/v2\/users\/3"}],"replies":[{"embeddable":true,"href":"https:\/\/www.abaigroup.com\/pt-pt\/wp-json\/wp\/v2\/comments?post=10880"}],"version-history":[{"count":2,"href":"https:\/\/www.abaigroup.com\/pt-pt\/wp-json\/wp\/v2\/pages\/10880\/revisions"}],"predecessor-version":[{"id":11656,"href":"https:\/\/www.abaigroup.com\/pt-pt\/wp-json\/wp\/v2\/pages\/10880\/revisions\/11656"}],"wp:attachment":[{"href":"https:\/\/www.abaigroup.com\/pt-pt\/wp-json\/wp\/v2\/media?parent=10880"}],"curies":[{"name":"wp","href":"https:\/\/api.w.org\/{rel}","templated":true}]}}