{"id":2765,"date":"2022-11-15T10:25:43","date_gmt":"2022-11-15T09:25:43","guid":{"rendered":"https:\/\/web.abaigroup.cloud\/retencion-de-clientes-y-talento\/"},"modified":"2024-05-28T14:20:23","modified_gmt":"2024-05-28T12:20:23","slug":"retencao-de-clientes-e-talento","status":"publish","type":"page","link":"https:\/\/www.abaigroup.com\/pt-pt\/retencao-de-clientes-e-talento\/","title":{"rendered":"Reten\u00e7\u00e3o de clientes e talento"},"content":{"rendered":"[vc_row type=&#8221;full_width_background&#8221; full_screen_row_position=&#8221;middle&#8221; column_margin=&#8221;default&#8221; column_direction=&#8221;default&#8221; column_direction_tablet=&#8221;default&#8221; column_direction_phone=&#8221;default&#8221; bg_image=&#8221;11260&#8243; bg_position=&#8221;left top&#8221; background_image_loading=&#8221;default&#8221; bg_repeat=&#8221;no-repeat&#8221; scene_position=&#8221;center&#8221; top_padding=&#8221;7%&#8221; bottom_padding=&#8221;7%&#8221; text_color=&#8221;light&#8221; text_align=&#8221;left&#8221; row_border_radius=&#8221;none&#8221; row_border_radius_applies=&#8221;bg&#8221; overflow=&#8221;visible&#8221; id=&#8221;top-bg&#8221; shape_divider_position=&#8221;bottom&#8221; bg_image_animation=&#8221;none&#8221; parallax_bg=&#8221;true&#8221; parallax_bg_speed=&#8221;fast&#8221; gradient_type=&#8221;advanced&#8221; shape_type=&#8221;&#8221; advanced_gradient_display_type=&#8221;linear&#8221;][vc_column column_padding=&#8221;no-extra-padding&#8221; column_padding_tablet=&#8221;inherit&#8221; column_padding_phone=&#8221;inherit&#8221; column_padding_position=&#8221;all&#8221; column_element_direction_desktop=&#8221;default&#8221; column_element_spacing=&#8221;default&#8221; desktop_text_alignment=&#8221;default&#8221; tablet_text_alignment=&#8221;default&#8221; phone_text_alignment=&#8221;default&#8221; background_color_opacity=&#8221;1&#8243; background_hover_color_opacity=&#8221;1&#8243; column_backdrop_filter=&#8221;none&#8221; column_shadow=&#8221;none&#8221; column_border_radius=&#8221;none&#8221; column_link_target=&#8221;_self&#8221; max_width_desktop=&#8221;725px&#8221; column_position=&#8221;default&#8221; gradient_direction=&#8221;left_to_right&#8221; overlay_strength=&#8221;0.3&#8243; width=&#8221;1\/1&#8243; tablet_width_inherit=&#8221;default&#8221; animation_type=&#8221;default&#8221; bg_image_animation=&#8221;none&#8221; border_type=&#8221;simple&#8221; column_border_width=&#8221;none&#8221; column_border_style=&#8221;solid&#8221; column_padding_type=&#8221;default&#8221; gradient_type=&#8221;default&#8221;][split_line_heading animation_type=&#8221;line-reveal-by-space&#8221; font_style=&#8221;h1&#8243; text_color=&#8221;#00457c&#8221; line_reveal_by_space_text_effect=&#8221;default&#8221; content_alignment=&#8221;default&#8221; mobile_content_alignment=&#8221;left&#8221; link_target=&#8221;_self&#8221; text_content=&#8221;Reten\u00e7\u00e3o de clientes e talento&#8221; font_size=&#8221;69px&#8221; font_size_phone=&#8221;50px&#8221;][\/split_line_heading][\/vc_column][\/vc_row][vc_row type=&#8221;in_container&#8221; full_screen_row_position=&#8221;middle&#8221; column_margin=&#8221;default&#8221; column_direction=&#8221;default&#8221; column_direction_tablet=&#8221;default&#8221; column_direction_phone=&#8221;default&#8221; scene_position=&#8221;center&#8221; text_color=&#8221;dark&#8221; text_align=&#8221;left&#8221; row_border_radius=&#8221;none&#8221; row_border_radius_applies=&#8221;bg&#8221; overflow=&#8221;visible&#8221; overlay_strength=&#8221;0.3&#8243; gradient_direction=&#8221;left_to_right&#8221; shape_divider_position=&#8221;bottom&#8221; bg_image_animation=&#8221;none&#8221;][vc_column column_padding=&#8221;no-extra-padding&#8221; column_padding_tablet=&#8221;inherit&#8221; column_padding_phone=&#8221;inherit&#8221; column_padding_position=&#8221;all&#8221; column_element_direction_desktop=&#8221;default&#8221; column_element_spacing=&#8221;default&#8221; desktop_text_alignment=&#8221;default&#8221; tablet_text_alignment=&#8221;default&#8221; phone_text_alignment=&#8221;default&#8221; background_color_opacity=&#8221;1&#8243; background_hover_color_opacity=&#8221;1&#8243; column_backdrop_filter=&#8221;none&#8221; column_shadow=&#8221;none&#8221; column_border_radius=&#8221;none&#8221; column_link_target=&#8221;_self&#8221; column_position=&#8221;default&#8221; gradient_direction=&#8221;left_to_right&#8221; overlay_strength=&#8221;0.3&#8243; width=&#8221;1\/1&#8243; tablet_width_inherit=&#8221;default&#8221; animation_type=&#8221;default&#8221; bg_image_animation=&#8221;none&#8221; border_type=&#8221;simple&#8221; column_border_width=&#8221;none&#8221; column_border_style=&#8221;solid&#8221;][nectar_global_section id=&#8221;9349&#8243;][\/vc_column][\/vc_row][vc_row type=&#8221;in_container&#8221; full_screen_row_position=&#8221;middle&#8221; column_margin=&#8221;default&#8221; column_direction=&#8221;default&#8221; column_direction_tablet=&#8221;default&#8221; column_direction_phone=&#8221;default&#8221; scene_position=&#8221;center&#8221; top_padding=&#8221;50&#8243; text_color=&#8221;dark&#8221; text_align=&#8221;left&#8221; row_border_radius=&#8221;none&#8221; row_border_radius_applies=&#8221;bg&#8221; overflow=&#8221;visible&#8221; class=&#8221;column-center&#8221; id=&#8221;introduccion&#8221; overlay_strength=&#8221;0.3&#8243; gradient_direction=&#8221;left_to_right&#8221; shape_divider_position=&#8221;bottom&#8221; bg_image_animation=&#8221;none&#8221; gradient_type=&#8221;default&#8221; shape_type=&#8221;&#8221;][vc_column column_padding=&#8221;no-extra-padding&#8221; column_padding_tablet=&#8221;inherit&#8221; column_padding_phone=&#8221;inherit&#8221; column_padding_position=&#8221;all&#8221; column_element_direction_desktop=&#8221;default&#8221; column_element_spacing=&#8221;default&#8221; desktop_text_alignment=&#8221;default&#8221; tablet_text_alignment=&#8221;default&#8221; phone_text_alignment=&#8221;default&#8221; background_color_opacity=&#8221;1&#8243; background_hover_color_opacity=&#8221;1&#8243; column_backdrop_filter=&#8221;none&#8221; column_shadow=&#8221;none&#8221; column_border_radius=&#8221;none&#8221; column_link_target=&#8221;_self&#8221; max_width_desktop=&#8221;917px&#8221; column_position=&#8221;default&#8221; gradient_direction=&#8221;left_to_right&#8221; overlay_strength=&#8221;0.3&#8243; width=&#8221;1\/1&#8243; tablet_width_inherit=&#8221;default&#8221; animation_type=&#8221;default&#8221; enable_animation=&#8221;true&#8221; animation=&#8221;fade-in&#8221; animation_easing=&#8221;default&#8221; bg_image_animation=&#8221;none&#8221; border_type=&#8221;simple&#8221; column_border_width=&#8221;none&#8221; column_border_style=&#8221;solid&#8221; column_padding_type=&#8221;default&#8221; gradient_type=&#8221;default&#8221;][nectar_responsive_text text_color=&#8221;#a0a0a0&#8243; font_size_desktop=&#8221;20&#8243; font_size_tablet=&#8221;18&#8243; font_size_phone=&#8221;15&#8243;]\n<p style=\"text-align: center;\">No mercado laboral atual encontramos uma verdadeira batalha pela reten\u00e7\u00e3o e atra\u00e7\u00e3o de talentos. A competitividade tem aumentado exponencialmente, afetando tanto os funcion\u00e1rios, como as pr\u00f3prias organiza\u00e7\u00f5es.<\/p>\n<p style=\"text-align: center;\">\nPara que as empresas possam melhorar nesta \u00e1rea, existem tr\u00eas pilares fundamentais nos quais nos devemos concentrar: cria\u00e7\u00e3o de uma imagem de marca, adapta\u00e7\u00e3o de novos modelos de trabalho, experi\u00eancia do funcion\u00e1rio e do cliente.[\/nectar_responsive_text][\/vc_column][\/vc_row][vc_row type=&#8221;in_container&#8221; full_screen_row_position=&#8221;middle&#8221; column_margin=&#8221;default&#8221; column_direction=&#8221;default&#8221; column_direction_tablet=&#8221;default&#8221; column_direction_phone=&#8221;default&#8221; scene_position=&#8221;center&#8221; top_padding=&#8221;20&#8243; left_padding_desktop=&#8221;px&#8221; constrain_group_2=&#8221;yes&#8221; right_padding_desktop=&#8221;px&#8221; text_color=&#8221;dark&#8221; text_align=&#8221;left&#8221; row_border_radius=&#8221;none&#8221; row_border_radius_applies=&#8221;bg&#8221; overflow=&#8221;visible&#8221; overlay_strength=&#8221;0.3&#8243; gradient_direction=&#8221;left_to_right&#8221; shape_divider_position=&#8221;bottom&#8221; bg_image_animation=&#8221;none&#8221; gradient_type=&#8221;default&#8221; shape_type=&#8221;&#8221;][vc_column column_padding=&#8221;no-extra-padding&#8221; column_padding_tablet=&#8221;inherit&#8221; column_padding_phone=&#8221;inherit&#8221; column_padding_position=&#8221;all&#8221; column_element_direction_desktop=&#8221;default&#8221; column_element_spacing=&#8221;default&#8221; desktop_text_alignment=&#8221;default&#8221; tablet_text_alignment=&#8221;default&#8221; phone_text_alignment=&#8221;default&#8221; background_color_opacity=&#8221;1&#8243; background_hover_color_opacity=&#8221;1&#8243; column_backdrop_filter=&#8221;none&#8221; column_shadow=&#8221;none&#8221; column_border_radius=&#8221;none&#8221; column_link_target=&#8221;_self&#8221; column_position=&#8221;default&#8221; gradient_direction=&#8221;left_to_right&#8221; overlay_strength=&#8221;0.3&#8243; width=&#8221;1\/1&#8243; tablet_width_inherit=&#8221;default&#8221; animation_type=&#8221;default&#8221; enable_animation=&#8221;true&#8221; animation=&#8221;fade-in-from-bottom&#8221; animation_easing=&#8221;default&#8221; bg_image_animation=&#8221;none&#8221; border_type=&#8221;simple&#8221; column_border_width=&#8221;none&#8221; column_border_style=&#8221;solid&#8221; column_padding_type=&#8221;default&#8221; gradient_type=&#8221;default&#8221;][toggles style=&#8221;minimal_shadow&#8221; accordion=&#8221;true&#8221; accordion_starting_functionality=&#8221;default&#8221; border_radius=&#8221;none&#8221;][toggle color=&#8221;Accent-Color&#8221; heading_tag=&#8221;h3&#8243; heading_tag_functionality=&#8221;change_html_tag&#8221; title=&#8221;Cria\u00e7\u00e3o da imagem de marca&#8221;][vc_column_text]A cria\u00e7\u00e3o da imagem de marca \u00e9 fundamental na atra\u00e7\u00e3o de clientes. Trabalhar com este conceito \u00e9 complicado, pois, n\u00e3o \u00e9 f\u00e1cil colocarmo-nos na mente do consumidor com os atributos que queremos transmitir, principalmente se formos relativamente novos no mercado.[\/vc_column_text][\/toggle][toggle color=&#8221;Accent-Color&#8221; heading_tag=&#8221;h3&#8243; heading_tag_functionality=&#8221;change_html_tag&#8221; title=&#8221;Novos modelos de trabalho&#8221;][vc_column_text]A pandemia mudou por completo os modelos de trabalho existentes: atualmente avan\u00e7amos para um modelo h\u00edbrido em que os funcion\u00e1rios devem estar sempre no centro de qualquer atividade ou decis\u00e3o.<\/p>\n<p>Neste sentido, a flexibilidade j\u00e1 \u00e9 um elemento. Na altura de escolher um novo trabalho os trabalhadores valorizam op\u00e7\u00f5es como remunera\u00e7\u00e3o flex\u00edvel, possibilidade de fazer teletrabalho, fazer um hor\u00e1rio intensivo ou ter mais tempo livre para passar com familiares e amigos.[\/vc_column_text][\/toggle][toggle color=&#8221;Accent-Color&#8221; heading_tag=&#8221;h3&#8243; heading_tag_functionality=&#8221;default&#8221; title=&#8221;Tecnologia preditiva&#8221;][vc_column_text]Numa altura em que as empresas bombardeiam constantemente outros neg\u00f3cios com ofertas para melhorar as infraestruturas, processos, servi\u00e7os ou benef\u00edcios, \u00e9 mais importante do que nunca utilizar tecnologia de previs\u00e3o para reduzir, proativamente, as taxas de rotatividade.<\/p>\n<p>Atrav\u00e9s de t\u00e9cnicas de processamento de linguagem natural (como a an\u00e1lise de texto ou fala), podemos extrair informa\u00e7\u00f5es de dados hist\u00f3ricos para os converter em valor atual, bem como para estudar o customer journey e identificar poss\u00edveis conflitos que levem a uma contrata\u00e7\u00e3o ou cancelamento de um servi\u00e7o.[\/vc_column_text][\/toggle][\/toggles][\/vc_column][\/vc_row][vc_row type=&#8221;in_container&#8221; full_screen_row_position=&#8221;middle&#8221; column_margin=&#8221;default&#8221; column_direction=&#8221;default&#8221; column_direction_tablet=&#8221;default&#8221; column_direction_phone=&#8221;default&#8221; scene_position=&#8221;center&#8221; top_padding=&#8221;70&#8243; left_padding_desktop=&#8221;px&#8221; right_padding_desktop=&#8221;px&#8221; text_color=&#8221;dark&#8221; text_align=&#8221;left&#8221; row_border_radius=&#8221;none&#8221; row_border_radius_applies=&#8221;bg&#8221; overflow=&#8221;visible&#8221; class=&#8221;column-center&#8221; id=&#8221;que-podemos-hacer&#8221; overlay_strength=&#8221;0.3&#8243; gradient_direction=&#8221;left_to_right&#8221; shape_divider_position=&#8221;bottom&#8221; bg_image_animation=&#8221;none&#8221; gradient_type=&#8221;default&#8221; shape_type=&#8221;&#8221;][vc_column column_padding=&#8221;no-extra-padding&#8221; column_padding_tablet=&#8221;inherit&#8221; column_padding_phone=&#8221;inherit&#8221; column_padding_position=&#8221;all&#8221; column_element_direction_desktop=&#8221;default&#8221; column_element_spacing=&#8221;default&#8221; desktop_text_alignment=&#8221;default&#8221; tablet_text_alignment=&#8221;default&#8221; phone_text_alignment=&#8221;default&#8221; background_color_opacity=&#8221;1&#8243; background_hover_color_opacity=&#8221;1&#8243; column_backdrop_filter=&#8221;none&#8221; column_shadow=&#8221;none&#8221; column_border_radius=&#8221;none&#8221; column_link_target=&#8221;_self&#8221; max_width_desktop=&#8221;870px&#8221; column_position=&#8221;default&#8221; gradient_direction=&#8221;left_to_right&#8221; overlay_strength=&#8221;0.3&#8243; width=&#8221;1\/1&#8243; tablet_width_inherit=&#8221;default&#8221; animation_type=&#8221;default&#8221; enable_animation=&#8221;true&#8221; animation=&#8221;fade-in-from-bottom&#8221; animation_easing=&#8221;default&#8221; bg_image_animation=&#8221;none&#8221; border_type=&#8221;simple&#8221; column_border_width=&#8221;none&#8221; column_border_style=&#8221;solid&#8221; column_padding_type=&#8221;default&#8221; gradient_type=&#8221;default&#8221;][vc_custom_heading text=&#8221;O que podemos fazer por si&#8221; font_container=&#8221;tag:h3|font_size:32px|text_align:center|color:%23f99907&#8243; use_theme_fonts=&#8221;yes&#8221; css=&#8221;.vc_custom_1671004087439{margin-bottom: 30px !important;}&#8221;][nectar_responsive_text text_color=&#8221;#a0a0a0&#8243; font_size_tablet=&#8221;15&#8243; font_size_phone=&#8221;14&#8243;]\n<p style=\"text-align: center;\">Na ABAI temos os recursos e ferramentas necess\u00e1rios para a adapta\u00e7\u00e3o da sua empresa aos novos modelos organizacionais, podendo implementar modelos de teletrabalho ou trabalho h\u00edbrido num prazo de sete dias. Temos plena consci\u00eancia das necessidades dos funcion\u00e1rios e podemos aconselh\u00e1-lo para lhe poder apresentar a proposta mais atrativa, incluindo flexibilidade e equil\u00edbrio entre o trabalho e a vida pessoal sem afetar minimamente a produtividade.<\/p>\n<p style=\"text-align: center;\">\nTemos tamb\u00e9m solu\u00e7\u00f5es anal\u00edticas preditivas para ajudar a manter os clientes e a manter-se competitivo na ind\u00fastria. Com as nossas solu\u00e7\u00f5es, tem a possibilidade de pensar fora da caixa e descobrir novos dados que permitam melhorar a experi\u00eancia do cliente.[\/nectar_responsive_text][vc_raw_html]JTNDcCUyMHN0eWxlJTNEJTIydGV4dC1hbGlnbiUzQWNlbnRlciUyMiUzRSUzQ2ElMjBjbGFzcyUzRCUyMmxpbmstZmxlY2hhJTIwYW1hcmlsbGElMjIlMjBocmVmJTNEJTIyJTJGcHQtcHQlMkZjb250YWN0byUyMiUzRSUzQ2klMjBjbGFzcyUzRCUyMmZsZWNoYS1hbWFyaWxsYSUyMiUzRSUzQyUyRmklM0VDb250YWN0ZS1ub3MlM0MlMkZhJTNFJTNDJTJGcCUzRQ==[\/vc_raw_html][\/vc_column][\/vc_row][vc_row type=&#8221;in_container&#8221; full_screen_row_position=&#8221;middle&#8221; column_margin=&#8221;default&#8221; column_direction=&#8221;default&#8221; column_direction_tablet=&#8221;default&#8221; column_direction_phone=&#8221;default&#8221; scene_position=&#8221;center&#8221; top_padding=&#8221;100&#8243; text_color=&#8221;dark&#8221; text_align=&#8221;left&#8221; row_border_radius=&#8221;none&#8221; row_border_radius_applies=&#8221;bg&#8221; overflow=&#8221;visible&#8221; overlay_strength=&#8221;0.3&#8243; gradient_direction=&#8221;left_to_right&#8221; shape_divider_position=&#8221;bottom&#8221; bg_image_animation=&#8221;none&#8221; gradient_type=&#8221;default&#8221; shape_type=&#8221;&#8221;][vc_column column_padding=&#8221;no-extra-padding&#8221; column_padding_tablet=&#8221;inherit&#8221; column_padding_phone=&#8221;inherit&#8221; column_padding_position=&#8221;all&#8221; column_element_direction_desktop=&#8221;default&#8221; column_element_spacing=&#8221;default&#8221; desktop_text_alignment=&#8221;default&#8221; tablet_text_alignment=&#8221;default&#8221; phone_text_alignment=&#8221;default&#8221; background_color_opacity=&#8221;1&#8243; background_hover_color_opacity=&#8221;1&#8243; column_backdrop_filter=&#8221;none&#8221; column_shadow=&#8221;none&#8221; column_border_radius=&#8221;none&#8221; column_link_target=&#8221;_self&#8221; column_position=&#8221;default&#8221; gradient_direction=&#8221;left_to_right&#8221; overlay_strength=&#8221;0.3&#8243; width=&#8221;1\/1&#8243; tablet_width_inherit=&#8221;default&#8221; animation_type=&#8221;default&#8221; bg_image_animation=&#8221;none&#8221; border_type=&#8221;simple&#8221; column_border_width=&#8221;none&#8221; column_border_style=&#8221;solid&#8221;][vc_custom_heading text=&#8221;Outros desafios&#8221; font_container=&#8221;tag:h2|font_size:50px|text_align:left|color:%23f99907&#8243; use_theme_fonts=&#8221;yes&#8221; css_animation=&#8221;fadeInUp&#8221; css=&#8221;.vc_custom_1713524483157{margin-bottom: 30px !important;}&#8221;][vc_row_inner column_margin=&#8221;40px&#8221; column_direction=&#8221;default&#8221; column_direction_tablet=&#8221;default&#8221; column_direction_phone=&#8221;default&#8221; top_padding=&#8221;30&#8243; text_align=&#8221;left&#8221; row_position=&#8221;default&#8221; row_position_tablet=&#8221;inherit&#8221; row_position_phone=&#8221;inherit&#8221; overflow=&#8221;visible&#8221; pointer_events=&#8221;all&#8221; el_id=&#8221;descubre-mas&#8221;][vc_column_inner top_padding_desktop=&#8221;40&#8243; bottom_padding_desktop=&#8221;40&#8243; left_padding_desktop=&#8221;40&#8243; right_padding_desktop=&#8221;40&#8243; column_element_direction_desktop=&#8221;default&#8221; column_element_spacing=&#8221;10px&#8221; desktop_text_alignment=&#8221;default&#8221; tablet_text_alignment=&#8221;default&#8221; phone_text_alignment=&#8221;default&#8221; background_color_opacity=&#8221;1&#8243; background_hover_color_opacity=&#8221;1&#8243; background_image=&#8221;11295&#8243; background_image_position=&#8221;center center&#8221; background_image_stacking=&#8221;default&#8221; background_image_loading=&#8221;default&#8221; column_backdrop_filter=&#8221;none&#8221; column_shadow=&#8221;custom&#8221; column_border_radius=&#8221;15px&#8221; column_link_target=&#8221;_self&#8221; overflow=&#8221;visible&#8221; gradient_direction=&#8221;left_to_right&#8221; overlay_strength=&#8221;0.3&#8243; width=&#8221;1\/3&#8243; tablet_width_inherit=&#8221;default&#8221; animation_type=&#8221;default&#8221; enable_animation=&#8221;true&#8221; animation=&#8221;fade-in-from-bottom&#8221; animation_easing=&#8221;default&#8221; bg_image_animation=&#8221;none&#8221; border_type=&#8221;simple&#8221; column_border_width=&#8221;none&#8221; column_border_style=&#8221;solid&#8221; column_padding_type=&#8221;advanced&#8221; gradient_type=&#8221;default&#8221; custom_box_shadow=&#8221;horizontal:0,vertical:0,blur:15,spread:0,opacity:0.275&#8243; offset=&#8221;vc_col-lg-offset-0 vc_col-lg-4 vc_col-md-offset-1 vc_col-md-6 vc_col-sm-offset-4&#8243;][nectar_responsive_text font_size_desktop=&#8221;26px&#8221; font_line_height=&#8221;40px&#8221; font_size_tablet=&#8221;28&#8243; font_size_phone=&#8221;25&#8243;]\n<h2 style=\"color: #00457c; font-weight: 600;\">Cumprimento de regulamentos<\/h2>\n[\/nectar_responsive_text][divider line_type=&#8221;No Line&#8221; custom_height=&#8221;300&#8243;][vc_raw_html]JTNDcCUyMHN0eWxlJTNEJTIydGV4dC1hbGlnbiUzQWNlbnRlciUyMiUzRSUzQ2ElMjBjbGFzcyUzRCUyMmxpbmstZmxlY2hhJTIwYW1hcmlsbGElMjIlMjBocmVmJTNEJTIyJTJGcHQtcHQlMkZjdW1wcmltZW50by1kZS1yZWd1bGFtZW50b3MlMkYlMkYlMjIlM0UlM0NpJTIwY2xhc3MlM0QlMjJmbGVjaGEtYW1hcmlsbGElMjIlM0UlM0MlMkZpJTNFVmVyJTIwbWFpcyUzQyUyRmElM0UlM0MlMkZwJTNF[\/vc_raw_html][\/vc_column_inner][vc_column_inner top_padding_desktop=&#8221;40&#8243; bottom_padding_desktop=&#8221;40&#8243; left_padding_desktop=&#8221;40&#8243; constrain_group_101=&#8221;yes&#8221; right_padding_desktop=&#8221;40&#8243; column_element_direction_desktop=&#8221;default&#8221; column_element_spacing=&#8221;10px&#8221; desktop_text_alignment=&#8221;default&#8221; tablet_text_alignment=&#8221;default&#8221; phone_text_alignment=&#8221;default&#8221; background_color_opacity=&#8221;1&#8243; background_hover_color_opacity=&#8221;1&#8243; background_image=&#8221;11311&#8243; background_image_position=&#8221;center center&#8221; background_image_stacking=&#8221;default&#8221; background_image_loading=&#8221;default&#8221; column_backdrop_filter=&#8221;none&#8221; font_color=&#8221;#000000&#8243; column_shadow=&#8221;custom&#8221; column_border_radius=&#8221;15px&#8221; column_link_target=&#8221;_self&#8221; overflow=&#8221;visible&#8221; advanced_gradient_angle=&#8221;0&#8243; gradient_direction=&#8221;left_to_right&#8221; overlay_strength=&#8221;0.3&#8243; width=&#8221;1\/3&#8243; tablet_width_inherit=&#8221;default&#8221; animation_type=&#8221;default&#8221; enable_animation=&#8221;true&#8221; animation=&#8221;fade-in-from-bottom&#8221; animation_easing=&#8221;default&#8221; bg_image_animation=&#8221;none&#8221; border_type=&#8221;simple&#8221; column_border_width=&#8221;none&#8221; column_border_style=&#8221;solid&#8221; column_padding_type=&#8221;advanced&#8221; gradient_type=&#8221;default&#8221; custom_box_shadow=&#8221;horizontal:0,vertical:0,blur:15,spread:0,opacity:0.275&#8243; offset=&#8221;vc_col-lg-offset-0 vc_col-lg-4 vc_col-md-offset-1 vc_col-md-6 vc_col-sm-offset-4&#8243; delay=&#8221;200&#8243;][nectar_responsive_text font_size_desktop=&#8221;26px&#8221; font_line_height=&#8221;40px&#8221; font_size_tablet=&#8221;28&#8243; font_size_phone=&#8221;25&#8243;]\n<h2 style=\"color: #00457c; font-weight: 600;\">Novos modelos de neg\u00f3cio<\/h2>\n[\/nectar_responsive_text][divider line_type=&#8221;No Line&#8221; custom_height=&#8221;300&#8243;][vc_raw_html]JTNDcCUyMHN0eWxlJTNEJTIydGV4dC1hbGlnbiUzQWNlbnRlciUyMiUzRSUzQ2ElMjBjbGFzcyUzRCUyMmxpbmstZmxlY2hhJTIwYW1hcmlsbGElMjIlMjBocmVmJTNEJTIyJTJGcHQtcHQlMkZub3Zvcy1tb2RlbG9zLWRlLW5lZ29jaW8lMkYlMjIlM0UlM0NpJTIwY2xhc3MlM0QlMjJmbGVjaGEtYW1hcmlsbGElMjIlM0UlM0MlMkZpJTNFVmVyJTIwbWFpcyUzQyUyRmElM0UlM0MlMkZwJTNF[\/vc_raw_html][\/vc_column_inner][vc_column_inner top_padding_desktop=&#8221;40&#8243; bottom_padding_desktop=&#8221;40&#8243; left_padding_desktop=&#8221;40&#8243; right_padding_desktop=&#8221;40&#8243; column_element_direction_desktop=&#8221;default&#8221; column_element_spacing=&#8221;10px&#8221; desktop_text_alignment=&#8221;default&#8221; tablet_text_alignment=&#8221;default&#8221; phone_text_alignment=&#8221;default&#8221; background_color_opacity=&#8221;1&#8243; background_hover_color_opacity=&#8221;1&#8243; background_image=&#8221;11285&#8243; background_image_position=&#8221;center center&#8221; background_image_stacking=&#8221;front&#8221; background_image_loading=&#8221;default&#8221; column_backdrop_filter=&#8221;none&#8221; font_color=&#8221;#00457c&#8221; column_shadow=&#8221;custom&#8221; column_border_radius=&#8221;15px&#8221; column_link_target=&#8221;_self&#8221; overflow=&#8221;visible&#8221; gradient_direction=&#8221;left_to_right&#8221; overlay_strength=&#8221;0.3&#8243; width=&#8221;1\/3&#8243; tablet_width_inherit=&#8221;default&#8221; animation_type=&#8221;default&#8221; enable_animation=&#8221;true&#8221; animation=&#8221;fade-in-from-bottom&#8221; animation_easing=&#8221;default&#8221; bg_image_animation=&#8221;none&#8221; border_type=&#8221;simple&#8221; column_border_width=&#8221;none&#8221; column_border_style=&#8221;solid&#8221; column_padding_type=&#8221;advanced&#8221; gradient_type=&#8221;default&#8221; offset=&#8221;vc_col-lg-offset-0 vc_col-lg-4 vc_col-md-offset-1 vc_col-md-6 vc_col-sm-offset-4&#8243; custom_box_shadow=&#8221;horizontal:0,vertical:0,blur:15,spread:0,opacity:0.275&#8243; delay=&#8221;400&#8243;][nectar_responsive_text font_size_desktop=&#8221;26px&#8221; font_line_height=&#8221;40px&#8221; font_size_tablet=&#8221;28&#8243; font_size_phone=&#8221;25&#8243;]\n<h2 style=\"color: #00457c; font-weight: 600;\">Atendimento digital do cidad\u00e3o<\/h2>\n[\/nectar_responsive_text][divider line_type=&#8221;No Line&#8221; custom_height=&#8221;300&#8243;][vc_raw_html]JTNDcCUyMHN0eWxlJTNEJTIydGV4dC1hbGlnbiUzQWNlbnRlciUyMiUzRSUzQ2ElMjBjbGFzcyUzRCUyMmxpbmstZmxlY2hhJTIwYW1hcmlsbGElMjIlMjBocmVmJTNEJTIyJTJGcHQtcHQlMkZhdGVuZGltZW50by1kaWdpdGFsLWRvLWNpZGFkYW8lMkYlMjIlM0UlM0NpJTIwY2xhc3MlM0QlMjJmbGVjaGEtYW1hcmlsbGElMjIlM0UlM0MlMkZpJTNFVmVyJTIwbWFpcyUzQyUyRmElM0UlM0MlMkZwJTNFJTBB[\/vc_raw_html][\/vc_column_inner][\/vc_row_inner][\/vc_column][\/vc_row]\n","protected":false},"excerpt":{"rendered":"<p>[vc_row type=&#8221;full_width_background&#8221; full_screen_row_position=&#8221;middle&#8221; column_margin=&#8221;default&#8221; column_direction=&#8221;default&#8221; column_direction_tablet=&#8221;default&#8221; column_direction_phone=&#8221;default&#8221; bg_image=&#8221;11260&#8243; bg_position=&#8221;left top&#8221; background_image_loading=&#8221;default&#8221; bg_repeat=&#8221;no-repeat&#8221; scene_position=&#8221;center&#8221; top_padding=&#8221;7%&#8221; bottom_padding=&#8221;7%&#8221; text_color=&#8221;light&#8221; text_align=&#8221;left&#8221; row_border_radius=&#8221;none&#8221; row_border_radius_applies=&#8221;bg&#8221; overflow=&#8221;visible&#8221; id=&#8221;top-bg&#8221; shape_divider_position=&#8221;bottom&#8221; bg_image_animation=&#8221;none&#8221; parallax_bg=&#8221;true&#8221; parallax_bg_speed=&#8221;fast&#8221; gradient_type=&#8221;advanced&#8221; shape_type=&#8221;&#8221; advanced_gradient_display_type=&#8221;linear&#8221;][vc_column column_padding=&#8221;no-extra-padding&#8221; column_padding_tablet=&#8221;inherit&#8221;&#8230;<\/p>\n","protected":false},"author":2,"featured_media":0,"parent":0,"menu_order":0,"comment_status":"closed","ping_status":"closed","template":"","meta":{"_acf_changed":false,"inline_featured_image":false,"footnotes":""},"class_list":["post-2765","page","type-page","status-publish"],"acf":[],"_links":{"self":[{"href":"https:\/\/www.abaigroup.com\/pt-pt\/wp-json\/wp\/v2\/pages\/2765","targetHints":{"allow":["GET"]}}],"collection":[{"href":"https:\/\/www.abaigroup.com\/pt-pt\/wp-json\/wp\/v2\/pages"}],"about":[{"href":"https:\/\/www.abaigroup.com\/pt-pt\/wp-json\/wp\/v2\/types\/page"}],"author":[{"embeddable":true,"href":"https:\/\/www.abaigroup.com\/pt-pt\/wp-json\/wp\/v2\/users\/2"}],"replies":[{"embeddable":true,"href":"https:\/\/www.abaigroup.com\/pt-pt\/wp-json\/wp\/v2\/comments?post=2765"}],"version-history":[{"count":10,"href":"https:\/\/www.abaigroup.com\/pt-pt\/wp-json\/wp\/v2\/pages\/2765\/revisions"}],"predecessor-version":[{"id":11332,"href":"https:\/\/www.abaigroup.com\/pt-pt\/wp-json\/wp\/v2\/pages\/2765\/revisions\/11332"}],"wp:attachment":[{"href":"https:\/\/www.abaigroup.com\/pt-pt\/wp-json\/wp\/v2\/media?parent=2765"}],"curies":[{"name":"wp","href":"https:\/\/api.w.org\/{rel}","templated":true}]}}