{"id":7715,"date":"2023-08-08T06:39:27","date_gmt":"2023-08-08T04:39:27","guid":{"rendered":"https:\/\/www.abaigroup.com\/?page_id=7715"},"modified":"2023-12-14T14:09:01","modified_gmt":"2023-12-14T13:09:01","slug":"politica-de-cookies-abai","status":"publish","type":"page","link":"https:\/\/www.abaigroup.com\/pt-pt\/politica-de-cookies-abai\/","title":{"rendered":"Pol\u00edtica de cookies ABAI"},"content":{"rendered":"[vc_row type=&#8221;in_container&#8221; full_screen_row_position=&#8221;middle&#8221; column_margin=&#8221;default&#8221; column_direction=&#8221;default&#8221; column_direction_tablet=&#8221;default&#8221; column_direction_phone=&#8221;default&#8221; scene_position=&#8221;center&#8221; text_color=&#8221;dark&#8221; text_align=&#8221;left&#8221; row_border_radius=&#8221;none&#8221; row_border_radius_applies=&#8221;bg&#8221; overflow=&#8221;visible&#8221; overlay_strength=&#8221;0.3&#8243; gradient_direction=&#8221;left_to_right&#8221; shape_divider_position=&#8221;bottom&#8221; bg_image_animation=&#8221;none&#8221;][vc_column column_padding=&#8221;no-extra-padding&#8221; column_padding_tablet=&#8221;inherit&#8221; column_padding_phone=&#8221;inherit&#8221; column_padding_position=&#8221;all&#8221; column_element_direction_desktop=&#8221;default&#8221; column_element_spacing=&#8221;default&#8221; desktop_text_alignment=&#8221;default&#8221; tablet_text_alignment=&#8221;default&#8221; phone_text_alignment=&#8221;default&#8221; background_color_opacity=&#8221;1&#8243; background_hover_color_opacity=&#8221;1&#8243; column_backdrop_filter=&#8221;none&#8221; column_shadow=&#8221;none&#8221; column_border_radius=&#8221;none&#8221; column_link_target=&#8221;_self&#8221; max_width_desktop=&#8221;800px&#8221; column_position=&#8221;default&#8221; gradient_direction=&#8221;left_to_right&#8221; overlay_strength=&#8221;0.3&#8243; width=&#8221;1\/1&#8243; tablet_width_inherit=&#8221;default&#8221; animation_type=&#8221;default&#8221; bg_image_animation=&#8221;none&#8221; border_type=&#8221;simple&#8221; column_border_width=&#8221;none&#8221; column_border_style=&#8221;solid&#8221; column_padding_type=&#8221;default&#8221; gradient_type=&#8221;default&#8221;][nectar_responsive_text font_size_desktop=&#8221;14px&#8221; class_name=&#8221;texto-legal&#8221;]O Website da ABAI, <a href=\"https:\/\/www.abaigroup.com\">www.abaigroup.com<\/a> (o &#8220;Website&#8221;) utiliza &#8220;Cookies&#8221;, e\/ou tecnologias semelhantes, pr\u00f3prias ou de terceiros, que nos ajudam a melhorar a qualidade dos nossos websites, analisando o tr\u00e1fego de acesso ao Website e as prefer\u00eancias dos utilizadores associadas aos servi\u00e7os de v\u00eddeo, para lhe oferecer uma melhor experi\u00eancia e servi\u00e7o. O Website da ABAI n\u00e3o utiliza Cookies que permitam a identifica\u00e7\u00e3o pessoal.<\/p>\n<p>Ao aceitar o aviso de Cookies, est\u00e1 a dar o seu consentimento para a instala\u00e7\u00e3o e configura\u00e7\u00e3o dos Cookies que selecionou e dos quais foi previamente informado (exceto nos casos em que modificou a configura\u00e7\u00e3o do seu navegador para que este rejeite todos os Cookies ou certos tipos de Cookies por defeito). Pode alterar a configura\u00e7\u00e3o dos Cookies em qualquer altura, modificando as op\u00e7\u00f5es de configura\u00e7\u00e3o de Cookies do seu navegador.<\/p>\n<h2><strong>O que \u00e9 um Cookie?<\/strong><\/h2>\n<p>Os Cookies s\u00e3o ficheiros que cont\u00eam pequenas quantidades de informa\u00e7\u00e3o que s\u00e3o descarregados para o seu dispositivo quando visita um website.<\/p>\n<p>O principal objetivo \u00e9 reconhecer o utilizador sempre que este acede ao website, o que permite tamb\u00e9m melhorar a qualidade e oferecer uma melhor utiliza\u00e7\u00e3o do mesmo, com o objetivo de simplificar a navega\u00e7\u00e3o.<\/p>\n<p>Os Cookies s\u00e3o essenciais para o funcionamento da Internet; n\u00e3o danificam o computador ou o dispositivo do utilizador e, se estiverem ativados nas defini\u00e7\u00f5es do navegador, ajudam a identificar e a resolver poss\u00edveis erros no funcionamento do Website.<\/p>\n<h2><strong>Utiliza\u00e7\u00e3o de cookies<\/strong><\/h2>\n<p>Ao aceder ao Website, o utilizador ter\u00e1 de aceitar a utiliza\u00e7\u00e3o de Cookies Necess\u00e1rios nos seus dispositivos, uma vez que s\u00e3o essenciais para o normal funcionamento do Website. Se o utilizador desativar este tipo de Cookies, a navega\u00e7\u00e3o no Website pode ficar comprometida e alguns dos servi\u00e7os podem n\u00e3o funcionar corretamente.<\/p>\n<p>\u00c9 poss\u00edvel que algumas funcionalidades do Website n\u00e3o funcionem corretamente. Especificamente, a ABAI utiliza Cookies para os fins abaixo identificados.<\/p>\n<p>Se a ABAI vier a utilizar outros Cookies para fornecer mais e melhores servi\u00e7os, o utilizador ser\u00e1 devidamente informado.<\/p>\n<h2><strong>Tipos de Cookies utilizados no nosso Website<\/strong><\/h2>\n<ol>\n<li><strong>Tipos de Cookies de acordo com a entidade que os gere:<\/strong><strong>Cookies pr\u00f3prios<\/strong>: S\u00e3o aqueles que s\u00e3o enviados para o equipamento terminal do utilizador a partir de um computador ou dom\u00ednio gerido pelo pr\u00f3prio editor e a partir do qual \u00e9 prestado o servi\u00e7o solicitado pelo utilizador.<strong>Cookies de terceiros<\/strong>: S\u00e3o aqueles que s\u00e3o enviados para o equipamento terminal do utilizador a partir de um computador ou dom\u00ednio que n\u00e3o \u00e9 gerido pelo editor, mas por outra entidade que trata os dados obtidos atrav\u00e9s dos Cookies.<\/li>\n<li><strong>Tipos de Cookies de acordo com o per\u00edodo de tempo em que permanecem ativados:<\/strong><strong>Cookies de sess\u00e3o<\/strong>: s\u00e3o um tipo de Cookie concebido para recolher e armazenar dados enquanto o utilizador acede a uma p\u00e1gina Web.<strong>Cookies persistentes<\/strong>: Trata-se de um tipo de Cookie em que os dados ficam armazenados no terminal e podem ser acedidos e tratados durante um per\u00edodo definido pelo respons\u00e1vel pelo Cookie, que pode ir de alguns minutos a v\u00e1rios anos.<\/li>\n<li><strong>Tipos de Cookies de acordo com a sua finalidade:<\/strong><strong>Cookies t\u00e9cnicos<\/strong>: S\u00e3o aqueles que permitem ao utilizador navegar atrav\u00e9s de um website, plataforma ou aplica\u00e7\u00e3o e utilizar as diferentes op\u00e7\u00f5es ou servi\u00e7os existentes no mesmo como, por exemplo, controlar o tr\u00e1fego e a comunica\u00e7\u00e3o de dados, identificar a sess\u00e3o, aceder a partes de acesso restrito, lembrar os elementos que comp\u00f5em uma encomenda, realizar o processo de compra de uma encomenda, realizar o pedido de inscri\u00e7\u00e3o ou participa\u00e7\u00e3o num evento, utilizar elementos de seguran\u00e7a durante a navega\u00e7\u00e3o, armazenar conte\u00fados para a difus\u00e3o de v\u00eddeos ou som ou partilhar conte\u00fados atrav\u00e9s das redes sociais.<strong>Cookies de personaliza\u00e7\u00e3o<\/strong>: s\u00e3o Cookies que permitem ao utilizador aceder ao servi\u00e7o com determinadas carater\u00edsticas gerais predefinidas em fun\u00e7\u00e3o de uma s\u00e9rie de crit\u00e9rios no terminal do utilizador, como, por exemplo, o idioma, o tipo de navegador utilizado para aceder ao servi\u00e7o, a configura\u00e7\u00e3o regional a partir da qual se acede ao servi\u00e7o, etc.<strong>Cookies de an\u00e1lise: <\/strong>Estes Cookies permitem \u00e0 entidade respons\u00e1vel por eles monitorizar e analisar o comportamento dos utilizadores dos websites a que est\u00e3o ligados. As informa\u00e7\u00f5es recolhidas atrav\u00e9s deste tipo de Cookies s\u00e3o utilizadas para medir a atividade dos websites, da aplica\u00e7\u00e3o ou da plataforma e para a elabora\u00e7\u00e3o de perfis de navega\u00e7\u00e3o dos utilizadores desses websites, aplica\u00e7\u00f5es e plataformas, a fim de introduzir melhorias com base na an\u00e1lise dos dados de utiliza\u00e7\u00e3o dos utilizadores do servi\u00e7o.<\/li>\n<\/ol>\n<table width=\"671\">\n<tbody>\n<tr>\n<td width=\"94\"><strong>ID COOKIE<\/strong><\/td>\n<td width=\"94\"><strong>CLUSTER<\/strong><\/td>\n<td width=\"170\"><strong>DIGITALIZA\u00c7\u00c3O DE URL<\/strong><\/td>\n<td width=\"85\"><strong>DURA\u00c7\u00c3O<\/strong><\/td>\n<td width=\"104\"><strong>PR\u00d3PRIO\/<\/strong><\/p>\n<p><strong>TERCEIROS<\/strong><\/td>\n<td width=\"124\"><strong>DESCRI\u00c7\u00c3O OBJETIVO<\/strong><\/td>\n<\/tr>\n<tr>\n<td width=\"94\"><strong>quform_session_796749495ef8c36b710e02cbca294b55<\/strong><\/td>\n<td width=\"94\"><strong>Nenhuma categoria &#8211; Necess\u00e1rio<\/strong><\/p>\n<p><strong>(relacionado com WordPress)<\/strong><\/td>\n<td width=\"170\"><a href=\"https:\/\/www.abaigroup.com\/en\/abai-portugal\">https:\/\/www.abaigroup.com\/en\/abai-portugal<\/a><\/p>\n<p><a href=\"https:\/\/www.abaigroup.com\/pt-pt\">https:\/\/www.abaigroup.com\/pt-pt<\/a><\/p>\n<p><a href=\"https:\/\/www.abaigroup.com\/en\/where-to-find-us\">https:\/\/www.abaigroup.com\/en\/where-to-find-us<\/a><\/p>\n<p><a href=\"https:\/\/www.abaigroup.com\/soluciones\">https:\/\/www.abaigroup.com\/soluciones<\/a><\/p>\n<p>Resto do website<\/td>\n<td width=\"85\">Sess\u00e3o do cliente<\/td>\n<td width=\"104\">Pr\u00f3prio (<strong>abaigroup<\/strong>)<\/td>\n<td width=\"124\">Sem descri\u00e7\u00e3o, mas identificado com WordPress.<\/td>\n<\/tr>\n<tr>\n<td width=\"94\"><strong>AWSALBCORS<\/strong><\/td>\n<td width=\"94\"><strong>Necess\u00e1rio a n\u00edvel t\u00e9cnico<\/strong><\/td>\n<td width=\"170\"><a href=\"https:\/\/www.abaigroup.com\/en\/abai-portugal\">https:\/\/www.abaigroup.com\/en\/abai-portugal<\/a><\/p>\n<p><a href=\"https:\/\/www.abaigroup.com\/pt-pt\">https:\/\/www.abaigroup.com\/pt-pt<\/a><\/p>\n<p><a href=\"https:\/\/www.abaigroup.com\/en\/where-to-find-us\">https:\/\/www.abaigroup.com\/en\/where-to-find-us<\/a><\/p>\n<p><a href=\"https:\/\/www.abaigroup.com\/soluciones\">https:\/\/www.abaigroup.com\/soluciones<\/a><\/p>\n<p>Resto do website<\/td>\n<td width=\"85\">7 dias<\/td>\n<td width=\"104\">Terceiros (<strong>AWS<\/strong>)<\/td>\n<td width=\"124\">A Amazon Web Services define este Cookie para LoadBalancing.<\/td>\n<\/tr>\n<tr>\n<td width=\"94\"><strong>wp-wpml_current_language<\/strong><\/td>\n<td width=\"94\"><strong>Funcional n\u00e3o necess\u00e1rio<\/strong><\/td>\n<td width=\"170\"><a href=\"https:\/\/www.abaigroup.com\/en\/abai-portugal\">https:\/\/www.abaigroup.com\/en\/abai-portugal<\/a><\/p>\n<p><a href=\"https:\/\/www.abaigroup.com\/pt-pt\">https:\/\/www.abaigroup.com\/pt-pt<\/a><\/p>\n<p><a href=\"https:\/\/www.abaigroup.com\/en\/where-to-find-us\">https:\/\/www.abaigroup.com\/en\/where-to-find-us<\/a><\/p>\n<p><a href=\"https:\/\/www.abaigroup.com\/soluciones\">https:\/\/www.abaigroup.com\/soluciones<\/a><\/p>\n<p>Resto do website<\/td>\n<td width=\"85\">Sess\u00e3o do cliente<\/td>\n<td width=\"104\">Pr\u00f3prio (<strong>abaigroup<\/strong>)<\/td>\n<td width=\"124\">O plugin multilingue do WordPress define este Cookie para armazenar a defini\u00e7\u00e3o do idioma atual.<\/td>\n<\/tr>\n<\/tbody>\n<\/table>\n<p>&nbsp;<\/p>\n<table width=\"671\">\n<tbody>\n<tr>\n<td width=\"113\"><strong>ID COOKIE<\/strong><\/td>\n<td width=\"123\"><strong>CLUSTER<\/strong><\/td>\n<td width=\"132\"><strong>DIGITALIZA\u00c7\u00c3O DE URL<\/strong><\/td>\n<td width=\"85\"><strong>DURA\u00c7\u00c3O<\/strong><\/td>\n<td width=\"86\"><strong>PR\u00d3PRIO\/<\/strong><\/p>\n<p><strong>TERCEIROS<\/strong><\/td>\n<td width=\"132\"><strong>DESCRI\u00c7\u00c3O OBJETIVO<\/strong><\/td>\n<\/tr>\n<tr>\n<td width=\"113\"><strong>AWSALB<\/strong><\/td>\n<td width=\"123\"><strong>Desempenho t\u00e9cnico<\/strong><\/td>\n<td width=\"132\"><a href=\"https:\/\/www.abaigroup.com\/en\/abai-portugal\">https:\/\/www.abaigroup.com\/en\/abai-portugal<\/a><\/p>\n<p><a href=\"https:\/\/www.abaigroup.com\/pt-pt\">https:\/\/www.abaigroup.com\/pt-pt<\/a><\/p>\n<p><a href=\"https:\/\/www.abaigroup.com\/en\/where-to-find-us\">https:\/\/www.abaigroup.com\/en\/where-to-find-us<\/a><\/p>\n<p><a href=\"https:\/\/www.abaigroup.com\/soluciones\">https:\/\/www.abaigroup.com\/soluciones<\/a><\/p>\n<p>Resto do s\u00edtio<\/td>\n<td width=\"85\">7 dias<\/td>\n<td width=\"86\">Terceiros (<strong>AWS<\/strong>)<\/td>\n<td width=\"132\">AWSALB \u00e9 um Cookie de balanceador de carga de aplica\u00e7\u00f5es definido pela Amazon Web Services para mapear a sess\u00e3o para o destino.<\/td>\n<\/tr>\n<tr>\n<td width=\"113\"><strong>YSC<\/strong><\/td>\n<td width=\"123\"><strong>An\u00fancios n\u00e3o necess\u00e1rios<\/strong><\/td>\n<td width=\"132\"><a href=\"https:\/\/www.abaigroup.com\/pt-pt\">https:\/\/www.abaigroup.com\/pt-pt<\/a><\/p>\n<p>&nbsp;<\/td>\n<td width=\"85\">Sess\u00e3o do cliente<\/td>\n<td width=\"86\">Terceiros<\/p>\n<p>(<strong>Google &#8211; YouTube<\/strong>)<\/td>\n<td width=\"132\">O YouTube define este Cookie para monitorizar as visualiza\u00e7\u00f5es de v\u00eddeos incorporados em p\u00e1ginas do YouTube.<\/td>\n<\/tr>\n<tr>\n<td width=\"113\"><strong>VISITANTE_INFO1_LIVE<\/strong><\/td>\n<td width=\"123\"><strong>An\u00fancios n\u00e3o necess\u00e1rios<\/strong><\/td>\n<td width=\"132\"><a href=\"https:\/\/www.abaigroup.com\/pt-pt\">https:\/\/www.abaigroup.com\/pt-pt<\/a><\/p>\n<p>&nbsp;<\/td>\n<td width=\"85\">5 meses e 27 dias<\/td>\n<td width=\"86\">Terceiros<\/p>\n<p>(<strong>Google &#8211; YouTube<\/strong>)<\/td>\n<td width=\"132\">O YouTube define este Cookie para medir a largura de banda, determinando se o utilizador obt\u00e9m a nova ou a antiga interface do leitor.<\/td>\n<\/tr>\n<tr>\n<td width=\"113\"><strong>yt.innertube::pedidos<\/strong><\/td>\n<td width=\"123\"><strong>An\u00fancios n\u00e3o necess\u00e1rios<\/strong><\/td>\n<td width=\"132\"><a href=\"https:\/\/www.abaigroup.com\/pt-pt\">https:\/\/www.abaigroup.com\/pt-pt<\/a><\/p>\n<p>&nbsp;<\/td>\n<td width=\"85\">Instant\u00e2neo<\/td>\n<td width=\"86\">Terceiros<\/p>\n<p>(<strong>Google &#8211; YouTube<\/strong>)<\/td>\n<td width=\"132\">O YouTube utiliza este Cokie para registar um identificador \u00fanico, a fim de armazenar dados sobre os v\u00eddeos do YouTube que o utilizador viu.<\/td>\n<\/tr>\n<tr>\n<td width=\"113\"><strong>yt.innertube::nextId<\/strong><\/td>\n<td width=\"123\"><strong>An\u00fancios n\u00e3o necess\u00e1rios<\/strong><\/td>\n<td width=\"132\"><a href=\"https:\/\/www.abaigroup.com\/pt-pt\">https:\/\/www.abaigroup.com\/pt-pt<\/a><\/p>\n<p>&nbsp;<\/td>\n<td width=\"85\">Instant\u00e2neo<\/td>\n<td width=\"86\">Terceiros<\/p>\n<p>(<strong>Google &#8211; YouTube<\/strong>)<\/td>\n<td width=\"132\">O YouTube utiliza este Cookie para registar um identificador \u00fanico, a fim de armazenar dados sobre os v\u00eddeos do YouTube que o utilizador viu.<\/td>\n<\/tr>\n<tr>\n<td width=\"113\"><strong>CONSENTIMENTO<\/strong><\/td>\n<td width=\"123\"><strong>An\u00e1lise n\u00e3o necess\u00e1rios<\/strong><\/td>\n<td width=\"132\"><a href=\"https:\/\/www.abaigroup.com\/pt-pt\">https:\/\/www.abaigroup.com\/pt-pt<\/a><\/p>\n<p>&nbsp;<\/td>\n<td width=\"85\">2 anos<\/td>\n<td width=\"86\">Terceiros (<strong>Google<\/strong>)<\/td>\n<td width=\"132\">O YouTube define este Cookie atrav\u00e9s de v\u00eddeos do YouTube incorporados e regista dados estat\u00edsticos an\u00f3nimos.<\/td>\n<\/tr>\n<\/tbody>\n<\/table>\n<p>&nbsp;<\/p>\n<table width=\"671\">\n<tbody>\n<tr>\n<td width=\"151\"><strong>ID COOKIE<\/strong><\/td>\n<td width=\"85\"><strong>CLUSTER<\/strong><\/td>\n<td width=\"85\"><strong>DIGITALIZA\u00c7\u00c3O DE URL<\/strong><\/td>\n<td width=\"85\"><strong>DURA\u00c7\u00c3O<\/strong><\/td>\n<td width=\"113\"><strong>PR\u00d3PRIO\/<\/strong><\/p>\n<p><strong>TERCEIROS<\/strong><\/td>\n<td width=\"152\"><strong>DESCRI\u00c7\u00c3O OBJETIVO<\/strong><\/td>\n<\/tr>\n<tr>\n<td width=\"151\">cmplz_consented_services<\/td>\n<td width=\"85\">Script<\/td>\n<td width=\"85\">In\u00edcio<\/td>\n<td width=\"85\">Instant\u00e2neo<\/td>\n<td width=\"113\">Pr\u00f3prio (abaigroup)<\/td>\n<td width=\"152\">A ferramenta cookiebot do pr\u00f3prio website<\/td>\n<\/tr>\n<tr>\n<td width=\"151\">cmplz_policy_id<\/td>\n<td width=\"85\">Script<\/td>\n<td width=\"85\">In\u00edcio<\/td>\n<td width=\"85\">Instant\u00e2neo<\/td>\n<td width=\"113\">Pr\u00f3prio (abaigroup)<\/td>\n<td width=\"152\">A ferramenta cookiebot do pr\u00f3prio website<\/td>\n<\/tr>\n<tr>\n<td width=\"151\">cmplz_marketing<\/td>\n<td width=\"85\">Script<\/td>\n<td width=\"85\">In\u00edcio<\/td>\n<td width=\"85\">Instant\u00e2neo<\/td>\n<td width=\"113\">Pr\u00f3prio (abaigroup)<\/td>\n<td width=\"152\">Ferramenta cookiebot do pr\u00f3prio website<\/td>\n<\/tr>\n<tr>\n<td width=\"151\">cmplz_statistics<\/td>\n<td width=\"85\">Script<\/td>\n<td width=\"85\">In\u00edcio<\/td>\n<td width=\"85\">Instant\u00e2neo<\/td>\n<td width=\"113\">Pr\u00f3prio (abaigroup)<\/td>\n<td width=\"152\">Ferramenta cookiebot do pr\u00f3prio website<\/td>\n<\/tr>\n<tr>\n<td width=\"151\">cmplz_preferences<\/td>\n<td width=\"85\">Script<\/td>\n<td width=\"85\">In\u00edcio<\/td>\n<td width=\"85\">Instant\u00e2neo<\/td>\n<td width=\"113\">Pr\u00f3prio (abaigroup)<\/td>\n<td width=\"152\">A ferramenta cookiebot do pr\u00f3prio website<\/td>\n<\/tr>\n<tr>\n<td width=\"151\">cmplz_functional<\/td>\n<td width=\"85\">Script<\/td>\n<td width=\"85\">In\u00edcio<\/td>\n<td width=\"85\">Instant\u00e2neo<\/td>\n<td width=\"113\">Pr\u00f3prio (abaigroup)<\/td>\n<td width=\"152\">A ferramenta cookiebot do pr\u00f3prio website<\/td>\n<\/tr>\n<tr>\n<td width=\"151\">cmplz_banner-status<\/td>\n<td width=\"85\">Script<\/td>\n<td width=\"85\">In\u00edcio<\/td>\n<td width=\"85\">Instant\u00e2neo<\/td>\n<td width=\"113\">Pr\u00f3prio (abaigroup)<\/td>\n<td width=\"152\">A ferramenta cookiebot do pr\u00f3prio website<\/td>\n<\/tr>\n<\/tbody>\n<\/table>\n<p>&nbsp;<\/p>\n<h2><strong>Defini\u00e7\u00f5es do utilizador para impedir Cookies<\/strong><\/h2>\n<p>O utilizador pode permitir, bloquear ou eliminar os Cookies instalados no seu computador, configurando as op\u00e7\u00f5es do browser instalado no seu computador. A configura\u00e7\u00e3o do browser para rejeitar Cookies pode impedir o utilizador de utilizar determinadas funcionalidades ou de aceder a determinados conte\u00fados nos nossos websites.<\/p>\n<p>Os browsers mais populares disp\u00f5em de op\u00e7\u00f5es de configura\u00e7\u00e3o e de funcionalidades de seguran\u00e7a que permitem impedir a instala\u00e7\u00e3o de Cookies e\/ou outros sistemas de recolha de dados de navega\u00e7\u00e3o no seu dispositivo. Pode consultar os passos nas sec\u00e7\u00f5es &#8220;Ajuda&#8221; das p\u00e1ginas web de cada navegador, por exemplo, Microsoft Internet Explorer, Google Chrome, Safari, Mozilla Firefox e Opera.[\/nectar_responsive_text][\/vc_column][\/vc_row]\n","protected":false},"excerpt":{"rendered":"<p>[vc_row type=&#8221;in_container&#8221; full_screen_row_position=&#8221;middle&#8221; column_margin=&#8221;default&#8221; column_direction=&#8221;default&#8221; column_direction_tablet=&#8221;default&#8221; column_direction_phone=&#8221;default&#8221; scene_position=&#8221;center&#8221; text_color=&#8221;dark&#8221; text_align=&#8221;left&#8221; row_border_radius=&#8221;none&#8221; row_border_radius_applies=&#8221;bg&#8221; overflow=&#8221;visible&#8221; overlay_strength=&#8221;0.3&#8243; gradient_direction=&#8221;left_to_right&#8221; shape_divider_position=&#8221;bottom&#8221; bg_image_animation=&#8221;none&#8221;][vc_column column_padding=&#8221;no-extra-padding&#8221; column_padding_tablet=&#8221;inherit&#8221; column_padding_phone=&#8221;inherit&#8221; column_padding_position=&#8221;all&#8221; column_element_direction_desktop=&#8221;default&#8221; column_element_spacing=&#8221;default&#8221; desktop_text_alignment=&#8221;default&#8221; tablet_text_alignment=&#8221;default&#8221; phone_text_alignment=&#8221;default&#8221; background_color_opacity=&#8221;1&#8243; background_hover_color_opacity=&#8221;1&#8243; column_backdrop_filter=&#8221;none&#8221; column_shadow=&#8221;none&#8221;&#8230;<\/p>\n","protected":false},"author":2,"featured_media":0,"parent":0,"menu_order":0,"comment_status":"closed","ping_status":"closed","template":"","meta":{"_acf_changed":false,"inline_featured_image":false,"footnotes":""},"class_list":["post-7715","page","type-page","status-publish"],"acf":[],"_links":{"self":[{"href":"https:\/\/www.abaigroup.com\/pt-pt\/wp-json\/wp\/v2\/pages\/7715","targetHints":{"allow":["GET"]}}],"collection":[{"href":"https:\/\/www.abaigroup.com\/pt-pt\/wp-json\/wp\/v2\/pages"}],"about":[{"href":"https:\/\/www.abaigroup.com\/pt-pt\/wp-json\/wp\/v2\/types\/page"}],"author":[{"embeddable":true,"href":"https:\/\/www.abaigroup.com\/pt-pt\/wp-json\/wp\/v2\/users\/2"}],"replies":[{"embeddable":true,"href":"https:\/\/www.abaigroup.com\/pt-pt\/wp-json\/wp\/v2\/comments?post=7715"}],"version-history":[{"count":3,"href":"https:\/\/www.abaigroup.com\/pt-pt\/wp-json\/wp\/v2\/pages\/7715\/revisions"}],"predecessor-version":[{"id":8765,"href":"https:\/\/www.abaigroup.com\/pt-pt\/wp-json\/wp\/v2\/pages\/7715\/revisions\/8765"}],"wp:attachment":[{"href":"https:\/\/www.abaigroup.com\/pt-pt\/wp-json\/wp\/v2\/media?parent=7715"}],"curies":[{"name":"wp","href":"https:\/\/api.w.org\/{rel}","templated":true}]}}